{"id":217,"date":"2022-07-19T16:49:26","date_gmt":"2022-07-19T14:49:26","guid":{"rendered":"http:\/\/ltqcgqs.cluster030.hosting.ovh.net\/?page_id=217"},"modified":"2024-07-25T14:35:33","modified_gmt":"2024-07-25T12:35:33","slug":"preparez-votre-venue","status":"publish","type":"page","link":"https:\/\/panicfactory.fr\/index.php\/preparez-votre-venue\/","title":{"rendered":"Pr\u00e9parez votre venue"},"content":{"rendered":"\n<div class=\"wp-block-group is-content-justification-center is-nowrap is-layout-flex wp-container-core-group-is-layout-94bc23d7 wp-block-group-is-layout-flex\">\n<figure class=\"wp-block-image size-large is-resized\"><img loading=\"lazy\" decoding=\"async\" width=\"1024\" height=\"1024\" src=\"https:\/\/panicfactory.fr\/wp-content\/uploads\/2022\/07\/PF_Icon_caution-1024x1024.png\" alt=\"\" class=\"wp-image-58\" style=\"width:75px;height:75px\" srcset=\"https:\/\/panicfactory.fr\/wp-content\/uploads\/2022\/07\/PF_Icon_caution-1024x1024.png 1024w, https:\/\/panicfactory.fr\/wp-content\/uploads\/2022\/07\/PF_Icon_caution-300x300.png 300w, https:\/\/panicfactory.fr\/wp-content\/uploads\/2022\/07\/PF_Icon_caution-150x150.png 150w, https:\/\/panicfactory.fr\/wp-content\/uploads\/2022\/07\/PF_Icon_caution-768x768.png 768w, https:\/\/panicfactory.fr\/wp-content\/uploads\/2022\/07\/PF_Icon_caution.png 1181w\" sizes=\"auto, (max-width: 1024px) 100vw, 1024px\" \/><\/figure>\n\n\n\n<figure class=\"wp-block-image size-large is-resized\"><img loading=\"lazy\" decoding=\"async\" width=\"1024\" height=\"1024\" src=\"https:\/\/panicfactory.fr\/wp-content\/uploads\/2022\/07\/PF_Icon_clock-1024x1024.png\" alt=\"\" class=\"wp-image-63\" style=\"width:75px;height:75px\" srcset=\"https:\/\/panicfactory.fr\/wp-content\/uploads\/2022\/07\/PF_Icon_clock-1024x1024.png 1024w, https:\/\/panicfactory.fr\/wp-content\/uploads\/2022\/07\/PF_Icon_clock-300x300.png 300w, https:\/\/panicfactory.fr\/wp-content\/uploads\/2022\/07\/PF_Icon_clock-150x150.png 150w, https:\/\/panicfactory.fr\/wp-content\/uploads\/2022\/07\/PF_Icon_clock-768x768.png 768w, https:\/\/panicfactory.fr\/wp-content\/uploads\/2022\/07\/PF_Icon_clock.png 1181w\" sizes=\"auto, (max-width: 1024px) 100vw, 1024px\" \/><\/figure>\n<\/div>\n\n\n\n<p class=\"has-text-align-center\">Nous vous demandons de venir au <strong>minimum 15 minutes avant <\/strong>l\u2019horaire indiqu\u00e9 et choisi lors de votre r\u00e9servation en ligne. Pour le bon fonctionnement de Panic Factory, toute \u00e9quipe ou participant \u00e9tant en retard ou absent \u00e0 l\u2019horaire r\u00e9serv\u00e9 verra sa partie annul\u00e9e. En cas d\u2019annulation les frais de participation ne sont pas rembours\u00e9s.<\/p>\n\n\n\n<div class=\"wp-block-group is-content-justification-center is-nowrap is-layout-flex wp-container-core-group-is-layout-94bc23d7 wp-block-group-is-layout-flex\">\n<figure class=\"wp-block-image size-large is-resized\"><img loading=\"lazy\" decoding=\"async\" width=\"1024\" height=\"1024\" src=\"https:\/\/panicfactory.fr\/wp-content\/uploads\/2022\/07\/PF_Icon_ID-1024x1024.png\" alt=\"\" class=\"wp-image-70\" style=\"width:75px;height:75px\" srcset=\"https:\/\/panicfactory.fr\/wp-content\/uploads\/2022\/07\/PF_Icon_ID-1024x1024.png 1024w, https:\/\/panicfactory.fr\/wp-content\/uploads\/2022\/07\/PF_Icon_ID-300x300.png 300w, https:\/\/panicfactory.fr\/wp-content\/uploads\/2022\/07\/PF_Icon_ID-150x150.png 150w, https:\/\/panicfactory.fr\/wp-content\/uploads\/2022\/07\/PF_Icon_ID-768x768.png 768w, https:\/\/panicfactory.fr\/wp-content\/uploads\/2022\/07\/PF_Icon_ID.png 1181w\" sizes=\"auto, (max-width: 1024px) 100vw, 1024px\" \/><\/figure>\n<\/div>\n\n\n\n<p class=\"has-text-align-center\">Une pi\u00e8ce d\u2019identit\u00e9 sera demand\u00e9e \u00e0 chaque \u00e9quipe avant le jeu est restitu\u00e9e lorsque tout le mat\u00e9riel utilis\u00e9 de jeu sera rendu.<\/p>\n\n\n\n<div class=\"wp-block-group is-content-justification-center is-nowrap is-layout-flex wp-container-core-group-is-layout-94bc23d7 wp-block-group-is-layout-flex\">\n<figure class=\"wp-block-image size-large is-resized\"><img loading=\"lazy\" decoding=\"async\" width=\"1024\" height=\"1024\" src=\"https:\/\/panicfactory.fr\/wp-content\/uploads\/2022\/07\/PF_Icon_coldwind-1024x1024.png\" alt=\"\" class=\"wp-image-64\" style=\"width:75px;height:75px\" srcset=\"https:\/\/panicfactory.fr\/wp-content\/uploads\/2022\/07\/PF_Icon_coldwind-1024x1024.png 1024w, https:\/\/panicfactory.fr\/wp-content\/uploads\/2022\/07\/PF_Icon_coldwind-300x300.png 300w, https:\/\/panicfactory.fr\/wp-content\/uploads\/2022\/07\/PF_Icon_coldwind-150x150.png 150w, https:\/\/panicfactory.fr\/wp-content\/uploads\/2022\/07\/PF_Icon_coldwind-768x768.png 768w, https:\/\/panicfactory.fr\/wp-content\/uploads\/2022\/07\/PF_Icon_coldwind.png 1181w\" sizes=\"auto, (max-width: 1024px) 100vw, 1024px\" \/><\/figure>\n\n\n\n<figure class=\"wp-block-image size-large is-resized\"><img loading=\"lazy\" decoding=\"async\" width=\"1024\" height=\"1024\" src=\"https:\/\/panicfactory.fr\/wp-content\/uploads\/2022\/07\/PF_Icon_pluie-1024x1024.png\" alt=\"\" class=\"wp-image-79\" style=\"width:75px;height:75px\" srcset=\"https:\/\/panicfactory.fr\/wp-content\/uploads\/2022\/07\/PF_Icon_pluie-1024x1024.png 1024w, https:\/\/panicfactory.fr\/wp-content\/uploads\/2022\/07\/PF_Icon_pluie-300x300.png 300w, https:\/\/panicfactory.fr\/wp-content\/uploads\/2022\/07\/PF_Icon_pluie-150x150.png 150w, https:\/\/panicfactory.fr\/wp-content\/uploads\/2022\/07\/PF_Icon_pluie-768x768.png 768w, https:\/\/panicfactory.fr\/wp-content\/uploads\/2022\/07\/PF_Icon_pluie.png 1181w\" sizes=\"auto, (max-width: 1024px) 100vw, 1024px\" \/><\/figure>\n\n\n\n<figure class=\"wp-block-image size-large is-resized\"><img loading=\"lazy\" decoding=\"async\" width=\"1024\" height=\"1024\" src=\"https:\/\/panicfactory.fr\/wp-content\/uploads\/2022\/07\/PF_Icon_poncho-1024x1024.png\" alt=\"\" class=\"wp-image-81\" style=\"width:75px;height:75px\" srcset=\"https:\/\/panicfactory.fr\/wp-content\/uploads\/2022\/07\/PF_Icon_poncho-1024x1024.png 1024w, https:\/\/panicfactory.fr\/wp-content\/uploads\/2022\/07\/PF_Icon_poncho-300x300.png 300w, https:\/\/panicfactory.fr\/wp-content\/uploads\/2022\/07\/PF_Icon_poncho-150x150.png 150w, https:\/\/panicfactory.fr\/wp-content\/uploads\/2022\/07\/PF_Icon_poncho-768x768.png 768w, https:\/\/panicfactory.fr\/wp-content\/uploads\/2022\/07\/PF_Icon_poncho.png 1181w\" sizes=\"auto, (max-width: 1024px) 100vw, 1024px\" \/><\/figure>\n<\/div>\n\n\n\n<p class=\"has-text-align-center\">Panic Factory se joue en ext\u00e9rieur ou sous chapiteaux. La plupart des zones sont cependant couvertes et \u00e0 l\u2019abri de la pluie. Certaines zones ont lieu \u00e0 l\u2019ext\u00e9rieur sans abris. Veilliez donc \u00e0 pr\u00e9voir des v\u00eatements chauds et adapt\u00e9s \u00e0 un temps de pluie. Des ponchos jetables seront disponible sur place aux prix de 2\u20ac pi\u00e8ce.<\/p>\n\n\n\n<div class=\"wp-block-group is-content-justification-center is-nowrap is-layout-flex wp-container-core-group-is-layout-94bc23d7 wp-block-group-is-layout-flex\">\n<figure class=\"wp-block-image size-large is-resized\"><img loading=\"lazy\" decoding=\"async\" width=\"1024\" height=\"1024\" src=\"https:\/\/panicfactory.fr\/wp-content\/uploads\/2022\/07\/PF_Icon_place-1024x1024.png\" alt=\"\" class=\"wp-image-78\" style=\"width:75px;height:75px\" srcset=\"https:\/\/panicfactory.fr\/wp-content\/uploads\/2022\/07\/PF_Icon_place-1024x1024.png 1024w, https:\/\/panicfactory.fr\/wp-content\/uploads\/2022\/07\/PF_Icon_place-300x300.png 300w, https:\/\/panicfactory.fr\/wp-content\/uploads\/2022\/07\/PF_Icon_place-150x150.png 150w, https:\/\/panicfactory.fr\/wp-content\/uploads\/2022\/07\/PF_Icon_place-768x768.png 768w, https:\/\/panicfactory.fr\/wp-content\/uploads\/2022\/07\/PF_Icon_place.png 1181w\" sizes=\"auto, (max-width: 1024px) 100vw, 1024px\" \/><\/figure>\n<\/div>\n\n\n\n<p class=\"has-text-align-center\">Pour vous rendre sur place, vous pouvez consulter notre <a href=\"https:\/\/panicfactory.fr\/index.php\/infos-pratiques\/plan-dacces\/\">plan d\u2019acc\u00e8s.<\/a><\/p>\n\n\n\n<h5 class=\"wp-block-heading has-text-align-center\" style=\"font-style:normal;font-weight:300\"><strong>Adresse : Panic Factory &#8211; <\/strong><\/h5>\n\n\n\n<p><\/p>\n\n\n\n<p><\/p>\n","protected":false},"excerpt":{"rendered":"<p>Nous vous demandons de venir au minimum 15 minutes avant l\u2019horaire indiqu\u00e9 et choisi lors de votre r\u00e9servation en ligne. Pour le bon fonctionnement de Panic Factory, toute \u00e9quipe ou participant \u00e9tant en retard ou absent \u00e0 l\u2019horaire r\u00e9serv\u00e9 verra sa partie annul\u00e9e. En cas d\u2019annulation les frais de participation ne sont pas rembours\u00e9s. UneLire la suite &rarr;<\/p>\n","protected":false},"author":1,"featured_media":0,"parent":0,"menu_order":0,"comment_status":"closed","ping_status":"closed","template":"","meta":{"footnotes":""},"class_list":["post-217","page","type-page","status-publish","hentry","no-thumb"],"yoast_head":"<!-- This site is optimized with the Yoast SEO plugin v21.0 - https:\/\/yoast.com\/wordpress\/plugins\/seo\/ -->\n<title>Pr\u00e9parez votre venue - Panic Factory<\/title>\n<meta name=\"robots\" content=\"index, follow, max-snippet:-1, max-image-preview:large, max-video-preview:-1\" \/>\n<link rel=\"canonical\" href=\"https:\/\/panicfactory.fr\/index.php\/preparez-votre-venue\/\" \/>\n<meta property=\"og:locale\" content=\"fr_FR\" \/>\n<meta property=\"og:type\" content=\"article\" \/>\n<meta property=\"og:title\" content=\"Pr\u00e9parez votre venue - Panic Factory\" \/>\n<meta property=\"og:description\" content=\"Nous vous demandons de venir au minimum 15 minutes avant l\u2019horaire indiqu\u00e9 et choisi lors de votre r\u00e9servation en ligne. Pour le bon fonctionnement de Panic Factory, toute \u00e9quipe ou participant \u00e9tant en retard ou absent \u00e0 l\u2019horaire r\u00e9serv\u00e9 verra sa partie annul\u00e9e. En cas d\u2019annulation les frais de participation ne sont pas rembours\u00e9s. UneLire la suite &rarr;\" \/>\n<meta property=\"og:url\" content=\"https:\/\/panicfactory.fr\/index.php\/preparez-votre-venue\/\" \/>\n<meta property=\"og:site_name\" content=\"Panic Factory\" \/>\n<meta property=\"article:modified_time\" content=\"2024-07-25T12:35:33+00:00\" \/>\n<meta property=\"og:image\" content=\"http:\/\/panicfactory.fr\/wp-content\/uploads\/2022\/07\/PF_Icon_caution-1024x1024.png\" \/>\n<meta name=\"twitter:card\" content=\"summary_large_image\" \/>\n<meta name=\"twitter:label1\" content=\"Dur\u00e9e de lecture estim\u00e9e\" \/>\n\t<meta name=\"twitter:data1\" content=\"3 minutes\" \/>\n<script type=\"application\/ld+json\" class=\"yoast-schema-graph\">{\"@context\":\"https:\/\/schema.org\",\"@graph\":[{\"@type\":\"WebPage\",\"@id\":\"https:\/\/panicfactory.fr\/index.php\/preparez-votre-venue\/\",\"url\":\"https:\/\/panicfactory.fr\/index.php\/preparez-votre-venue\/\",\"name\":\"Pr\u00e9parez votre venue - Panic Factory\",\"isPartOf\":{\"@id\":\"https:\/\/panicfactory.fr\/#website\"},\"datePublished\":\"2022-07-19T14:49:26+00:00\",\"dateModified\":\"2024-07-25T12:35:33+00:00\",\"breadcrumb\":{\"@id\":\"https:\/\/panicfactory.fr\/index.php\/preparez-votre-venue\/#breadcrumb\"},\"inLanguage\":\"fr-FR\",\"potentialAction\":[{\"@type\":\"ReadAction\",\"target\":[\"https:\/\/panicfactory.fr\/index.php\/preparez-votre-venue\/\"]}]},{\"@type\":\"BreadcrumbList\",\"@id\":\"https:\/\/panicfactory.fr\/index.php\/preparez-votre-venue\/#breadcrumb\",\"itemListElement\":[{\"@type\":\"ListItem\",\"position\":1,\"name\":\"Accueil\",\"item\":\"https:\/\/panicfactory.fr\/\"},{\"@type\":\"ListItem\",\"position\":2,\"name\":\"Pr\u00e9parez votre venue\"}]},{\"@type\":\"WebSite\",\"@id\":\"https:\/\/panicfactory.fr\/#website\",\"url\":\"https:\/\/panicfactory.fr\/\",\"name\":\"Panic Factory\",\"description\":\"Oserez-vous affronter vos peurs?\",\"publisher\":{\"@id\":\"https:\/\/panicfactory.fr\/#organization\"},\"potentialAction\":[{\"@type\":\"SearchAction\",\"target\":{\"@type\":\"EntryPoint\",\"urlTemplate\":\"https:\/\/panicfactory.fr\/?s={search_term_string}\"},\"query-input\":\"required name=search_term_string\"}],\"inLanguage\":\"fr-FR\"},{\"@type\":\"Organization\",\"@id\":\"https:\/\/panicfactory.fr\/#organization\",\"name\":\"Panic Factory\",\"url\":\"https:\/\/panicfactory.fr\/\",\"logo\":{\"@type\":\"ImageObject\",\"inLanguage\":\"fr-FR\",\"@id\":\"https:\/\/panicfactory.fr\/#\/schema\/logo\/image\/\",\"url\":\"https:\/\/panicfactory.fr\/wp-content\/uploads\/2025\/04\/cropped-PFS4_logo_mini-h150-01.png\",\"contentUrl\":\"https:\/\/panicfactory.fr\/wp-content\/uploads\/2025\/04\/cropped-PFS4_logo_mini-h150-01.png\",\"width\":192,\"height\":150,\"caption\":\"Panic Factory\"},\"image\":{\"@id\":\"https:\/\/panicfactory.fr\/#\/schema\/logo\/image\/\"}}]}<\/script>\n<!-- \/ Yoast SEO plugin. -->","yoast_head_json":{"title":"Pr\u00e9parez votre venue - Panic Factory","robots":{"index":"index","follow":"follow","max-snippet":"max-snippet:-1","max-image-preview":"max-image-preview:large","max-video-preview":"max-video-preview:-1"},"canonical":"https:\/\/panicfactory.fr\/index.php\/preparez-votre-venue\/","og_locale":"fr_FR","og_type":"article","og_title":"Pr\u00e9parez votre venue - Panic Factory","og_description":"Nous vous demandons de venir au minimum 15 minutes avant l\u2019horaire indiqu\u00e9 et choisi lors de votre r\u00e9servation en ligne. Pour le bon fonctionnement de Panic Factory, toute \u00e9quipe ou participant \u00e9tant en retard ou absent \u00e0 l\u2019horaire r\u00e9serv\u00e9 verra sa partie annul\u00e9e. En cas d\u2019annulation les frais de participation ne sont pas rembours\u00e9s. UneLire la suite &rarr;","og_url":"https:\/\/panicfactory.fr\/index.php\/preparez-votre-venue\/","og_site_name":"Panic Factory","article_modified_time":"2024-07-25T12:35:33+00:00","og_image":[{"url":"http:\/\/panicfactory.fr\/wp-content\/uploads\/2022\/07\/PF_Icon_caution-1024x1024.png"}],"twitter_card":"summary_large_image","twitter_misc":{"Dur\u00e9e de lecture estim\u00e9e":"3 minutes"},"schema":{"@context":"https:\/\/schema.org","@graph":[{"@type":"WebPage","@id":"https:\/\/panicfactory.fr\/index.php\/preparez-votre-venue\/","url":"https:\/\/panicfactory.fr\/index.php\/preparez-votre-venue\/","name":"Pr\u00e9parez votre venue - Panic Factory","isPartOf":{"@id":"https:\/\/panicfactory.fr\/#website"},"datePublished":"2022-07-19T14:49:26+00:00","dateModified":"2024-07-25T12:35:33+00:00","breadcrumb":{"@id":"https:\/\/panicfactory.fr\/index.php\/preparez-votre-venue\/#breadcrumb"},"inLanguage":"fr-FR","potentialAction":[{"@type":"ReadAction","target":["https:\/\/panicfactory.fr\/index.php\/preparez-votre-venue\/"]}]},{"@type":"BreadcrumbList","@id":"https:\/\/panicfactory.fr\/index.php\/preparez-votre-venue\/#breadcrumb","itemListElement":[{"@type":"ListItem","position":1,"name":"Accueil","item":"https:\/\/panicfactory.fr\/"},{"@type":"ListItem","position":2,"name":"Pr\u00e9parez votre venue"}]},{"@type":"WebSite","@id":"https:\/\/panicfactory.fr\/#website","url":"https:\/\/panicfactory.fr\/","name":"Panic Factory","description":"Oserez-vous affronter vos peurs?","publisher":{"@id":"https:\/\/panicfactory.fr\/#organization"},"potentialAction":[{"@type":"SearchAction","target":{"@type":"EntryPoint","urlTemplate":"https:\/\/panicfactory.fr\/?s={search_term_string}"},"query-input":"required name=search_term_string"}],"inLanguage":"fr-FR"},{"@type":"Organization","@id":"https:\/\/panicfactory.fr\/#organization","name":"Panic Factory","url":"https:\/\/panicfactory.fr\/","logo":{"@type":"ImageObject","inLanguage":"fr-FR","@id":"https:\/\/panicfactory.fr\/#\/schema\/logo\/image\/","url":"https:\/\/panicfactory.fr\/wp-content\/uploads\/2025\/04\/cropped-PFS4_logo_mini-h150-01.png","contentUrl":"https:\/\/panicfactory.fr\/wp-content\/uploads\/2025\/04\/cropped-PFS4_logo_mini-h150-01.png","width":192,"height":150,"caption":"Panic Factory"},"image":{"@id":"https:\/\/panicfactory.fr\/#\/schema\/logo\/image\/"}}]}},"_links":{"self":[{"href":"https:\/\/panicfactory.fr\/index.php\/wp-json\/wp\/v2\/pages\/217","targetHints":{"allow":["GET"]}}],"collection":[{"href":"https:\/\/panicfactory.fr\/index.php\/wp-json\/wp\/v2\/pages"}],"about":[{"href":"https:\/\/panicfactory.fr\/index.php\/wp-json\/wp\/v2\/types\/page"}],"author":[{"embeddable":true,"href":"https:\/\/panicfactory.fr\/index.php\/wp-json\/wp\/v2\/users\/1"}],"replies":[{"embeddable":true,"href":"https:\/\/panicfactory.fr\/index.php\/wp-json\/wp\/v2\/comments?post=217"}],"version-history":[{"count":23,"href":"https:\/\/panicfactory.fr\/index.php\/wp-json\/wp\/v2\/pages\/217\/revisions"}],"predecessor-version":[{"id":1822,"href":"https:\/\/panicfactory.fr\/index.php\/wp-json\/wp\/v2\/pages\/217\/revisions\/1822"}],"wp:attachment":[{"href":"https:\/\/panicfactory.fr\/index.php\/wp-json\/wp\/v2\/media?parent=217"}],"curies":[{"name":"wp","href":"https:\/\/api.w.org\/{rel}","templated":true}]}}