{"id":2338,"date":"2025-07-05T16:45:10","date_gmt":"2025-07-05T14:45:10","guid":{"rendered":"https:\/\/panicfactory.fr\/?page_id=2338"},"modified":"2025-08-11T15:51:02","modified_gmt":"2025-08-11T13:51:02","slug":"plan-interactif","status":"publish","type":"page","link":"https:\/\/panicfactory.fr\/index.php\/plan-interactif\/","title":{"rendered":"Plan interactif"},"content":{"rendered":"\n<style>\n\t#hotspot-2336 .hotspots-image-container,\n\t#hotspot-2336 .leaflet-container {\n\t\tbackground: #020202\t}\n\n\t#hotspot-2336 .hotspots-placeholder {\n\t\tbackground: #020202;\n\t\tborder: 0 #020202 solid;\n\t\tcolor: #ffffff;\n\t}\n\n\t#hotspot-2336 .hotspot-title {\n\t\tcolor: #e04a00;\n\t}\n\n\t\t\t#hotspot-2336 .hotspot-default {\n\t\t\tstroke-width: -1;\n\t\t\tfill: #ffffff;\n\t\t\tfill-opacity: 0;\n\t\t\tstroke: #ffffff;\n\t\t\tstroke-opacity: 0;\n\t\t}\n\t\t#hotspot-2336 .hotspot-default:hover,\n\t\t#hotspot-2336 .hotspot-default:focus-visible,\n\t\t#hotspot-2336 .hotspot-default.hotspot-active {\n\t\t\tfill: #ff5e5e;\n\t\t\tfill-opacity: 0.71;\n\t\t\tstroke: #ff9151;\n\t\t\tstroke-opacity: 1.01;\n\t\t}\n\t\t#hotspot-2336 .leaflet-tooltip,\n\t#hotspot-2336 .leaflet-rrose-content-wrapper {\n\t\tbackground: #020202;\n\t\tborder-color: #020202;\n\t\tcolor: #ffffff;\n\t}\n\n\t#hotspot-2336 a.leaflet-rrose-close-button {\n\t\tcolor: #e04a00;\n\t}\n\n\t#hotspot-2336 .leaflet-rrose-tip {\n\t\tbackground: #020202;\n\t}\n\n\t#hotspot-2336 .leaflet-popup-scrolled {\n\t\tborder-bottom-color: #ffffff;\n\t\tborder-top-color: #ffffff;\n\t}\n\n\t#hotspot-2336 .leaflet-tooltip-top:before {\n\t\tborder-top-color: #020202;\n\t}\n\n\t#hotspot-2336 .leaflet-tooltip-bottom:before {\n\t\tborder-bottom-color: #020202;\n\t}\n\t#hotspot-2336 .leaflet-tooltip-left:before {\n\t\tborder-left-color: #020202;\n\t}\n\t#hotspot-2336 .leaflet-tooltip-right:before {\n\t\tborder-right-color: #020202;\n\t}\n<\/style>\n\n\t\n\t<div class=\"hotspots-container  layout-left event-click\" id=\"hotspot-2336\" data-layout=\"left\" data-trigger=\"click\">\n\t\t<div class=\"hotspots-interaction\">\n\t\t\t\t<div class=\"hotspots-placeholder\" id=\"content-hotspot-2336\">\n\t\t<div class=\"hotspot-initial\">\n\t\t\t\t\t\t\t\t\t<h2 class=\"hotspot-title\">\n\t\t\t\tPlan interactif\t\t\t<\/h2>\n\t\t\t\t\t\t<div class=\"hotspot-content\">\n\t\t\t\t\t\t\t<\/div>\n\t\t<\/div>\n\t<\/div>\n<div class=\"hotspots-image-container\">\n\t<img\n\t\twidth=\"2560\"\n\t\theight=\"1593\"\n\t\tsrc=\"https:\/\/panicfactory.fr\/wp-content\/uploads\/2025\/07\/PFS4_general_map_v03-scaled.jpg\"\n\t\talt=\"Plan interactif\"\n\t\tclass=\"hotspots-image skip-lazy\"\n\t\tusemap=\"#hotspots-image-2336\"\n\t\tdata-image-title=\"Plan interactif\"\n\t\tdata-image-description=\"\"\n\t\tdata-event-trigger=\"click\"\n\t\tdata-always-visible=\"false\"\n\t\tdata-id=\"2336\"\n\t\tdata-no-lazy=\"1\"\n\t\tdata-lazy-src=\"\"\n\t\tdata-lazy=\"false\"\n\t\tloading=\"eager\"\n\t\tdata-skip-lazy=\"1\"\n\t\t>\n<\/div>\t\t<\/div>\n\t\t<map name=\"hotspots-image-2336\" class=\"hotspots-map\">\n\t\t\t\t\t\t\t\t\t\t\t<area\n\t\t\t\t\tshape=\"polygon\"\n\t\t\t\t\tcoords=\"914,1083,1020,1127,1022,1191,806,1433,696,1373,684,1299\"\n\t\t\t\t\thref=\"#hotspot-hotspot-2336-0\"\n\t\t\t\t\trel=\"\"\n\t\t\t\t\ttitle=\"Espace restauration\"\n\t\t\t\t\talt=\"Espace restauration\"\n\t\t\t\t\tdata-action=\"\"\n\t\t\t\t\tdata-color-scheme=\"\"\n\t\t\t\t\ttarget=\"\"\n\t\t\t\t\tclass=\"more-info-area\"\n\t\t\t\t\t>\n\t\t\t\t\t\t\t\t\t\t\t<area\n\t\t\t\t\tshape=\"polygon\"\n\t\t\t\t\tcoords=\"180,884,560,782,580,698,826,764,824,722,914,698,916,632,1046,590,1092,626,1522,474,1598,540,1600,602,1508,640,1484,632,1212,752,1186,730,1128,744,1130,796,1002,838,986,818,912,858,882,848,790,898,786,964,836,994,752,1036,656,1109,588,1213,492,1275\"\n\t\t\t\t\thref=\"#hotspot-hotspot-2336-1\"\n\t\t\t\t\trel=\"\"\n\t\t\t\t\ttitle=\"Th\u00e8me 1 : Les contes d\u00e9senchant\u00e9s\"\n\t\t\t\t\talt=\"Th\u00e8me 1 : Les contes d\u00e9senchant\u00e9s\"\n\t\t\t\t\tdata-action=\"\"\n\t\t\t\t\tdata-color-scheme=\"\"\n\t\t\t\t\ttarget=\"\"\n\t\t\t\t\tclass=\"more-info-area\"\n\t\t\t\t\t>\n\t\t\t\t\t\t\t\t\t\t\t<area\n\t\t\t\t\tshape=\"polygon\"\n\t\t\t\t\tcoords=\"1516,476,2122,254,2371,408,2339,517,2066,634,2002,592,1990,541,1975,499,1949,465,1907,437,1874,427,1838,422,1807,423,1770,443,1746,465,1727,498,1712,528,1710,558,1597,601,1599,539\"\n\t\t\t\t\thref=\"#hotspot-hotspot-2336-2\"\n\t\t\t\t\trel=\"\"\n\t\t\t\t\ttitle=\"Th\u00e8me 2 : La ferme des timbr\u00e9s\"\n\t\t\t\t\talt=\"Th\u00e8me 2 : La ferme des timbr\u00e9s\"\n\t\t\t\t\tdata-action=\"\"\n\t\t\t\t\tdata-color-scheme=\"\"\n\t\t\t\t\ttarget=\"\"\n\t\t\t\t\tclass=\"more-info-area\"\n\t\t\t\t\t>\n\t\t\t\t\t\t\t\t\t\t\t<area\n\t\t\t\t\tshape=\"polygon\"\n\t\t\t\t\tcoords=\"2062,633,2000,595,1994,564,1988,537,1981,515,1968,487,1956,469,1940,456,1923,442,1900,435,1875,425,1850,419,1821,419,1800,425,1775,439,1757,452,1742,470,1727,493,1717,519,1712,537,1712,558,1508,641,1487,638,1311,715,1306,808,1437,908,1842,701,1942,720,1948,685\"\n\t\t\t\t\thref=\"#hotspot-hotspot-2336-3\"\n\t\t\t\t\trel=\"\"\n\t\t\t\t\ttitle=\"Th\u00e8me 3 : terreur spatiale\"\n\t\t\t\t\talt=\"Th\u00e8me 3 : terreur spatiale\"\n\t\t\t\t\tdata-action=\"\"\n\t\t\t\t\tdata-color-scheme=\"\"\n\t\t\t\t\ttarget=\"\"\n\t\t\t\t\tclass=\"more-info-area\"\n\t\t\t\t\t>\n\t\t\t\t\t\t\t\t\t\t\t<area\n\t\t\t\t\tshape=\"polygon\"\n\t\t\t\t\tcoords=\"895,850,785,899,787,957,887,1028,926,1005,1079,1007,1168,1069,1338,971,1339,899,1176,795,1090,840,1090,919,979,916,979,906\"\n\t\t\t\t\thref=\"#hotspot-hotspot-2336-4\"\n\t\t\t\t\trel=\"\"\n\t\t\t\t\ttitle=\"Accueil, briefing, d\u00e9briefing\"\n\t\t\t\t\talt=\"Accueil, briefing, d\u00e9briefing\"\n\t\t\t\t\tdata-action=\"\"\n\t\t\t\t\tdata-color-scheme=\"\"\n\t\t\t\t\ttarget=\"\"\n\t\t\t\t\tclass=\"more-info-area\"\n\t\t\t\t\t>\n\t\t\t\t\t<\/map>\n\n\t\t\n\t\t\t\t\t\n\t\t\t\t\t\t<div class=\"hotspot-info \" id=\"hotspot-hotspot-2336-0\">\n\t\t\t\t\n\t\t\t\t<h2 class=\"hotspot-title\">Espace restauration<\/h2>\t\t\t\t\t\t\t\t\t<div class=\"hotspot-thumb\">\n\t\t\t\t\t\t<img loading=\"lazy\" decoding=\"async\" width=\"1024\" height=\"403\" src=\"https:\/\/panicfactory.fr\/wp-content\/uploads\/2025\/07\/PFS4-Restauration_logo-1024x403.png\" class=\"attachment-large size-large\" alt=\"\" srcset=\"https:\/\/panicfactory.fr\/wp-content\/uploads\/2025\/07\/PFS4-Restauration_logo-1024x403.png 1024w, https:\/\/panicfactory.fr\/wp-content\/uploads\/2025\/07\/PFS4-Restauration_logo-300x118.png 300w, https:\/\/panicfactory.fr\/wp-content\/uploads\/2025\/07\/PFS4-Restauration_logo-768x302.png 768w, https:\/\/panicfactory.fr\/wp-content\/uploads\/2025\/07\/PFS4-Restauration_logo.png 1170w\" sizes=\"auto, (max-width: 1024px) 100vw, 1024px\" \/>\t\t\t\t\t<\/div>\n\t\t\t\t\t\t\t\t<div class=\"hotspot-content\">\n\t\t\t\t\t<p>Vous souhaitez vous restaurer avant ou apr\u00e8s votre folle aventure?<\/p>\n<p>Folles ID vous proposera son espace restauration avec<\/p>\n<p><strong>Boissons :<\/strong><\/p>\n<p>Bi\u00e8re, Picon, Vins Bohr cuv\u00e9es Panic, Coca, Ice-Tea, Eaux<\/p>\n<p><strong>Tartes flamb\u00e9es par \"La Flamm'Solidaire\" :<\/strong><\/p>\n<ul>\n<li>Traditionnelle : 7\u20ac<\/li>\n<li>Gratin\u00e9e : 8\u20ac<\/li>\n<li>Foresti\u00e8re : 8 \u20ac<\/li>\n<li>Foresti\u00e8re gratin\u00e9e : 9\u20ac<\/li>\n<li>Munster : 9\u20ac<\/li>\n<\/ul>\n\t\t\t\t<\/div>\n\t\t\t<\/div>\n\t\t\t\t\t\n\t\t\t\t\t\t<div class=\"hotspot-info \" id=\"hotspot-hotspot-2336-1\">\n\t\t\t\t\n\t\t\t\t<h2 class=\"hotspot-title\">Th\u00e8me 1 : Les contes d\u00e9senchant\u00e9s<\/h2>\t\t\t\t\t\t\t\t\t<div class=\"hotspot-thumb\">\n\t\t\t\t\t\t<img loading=\"lazy\" decoding=\"async\" width=\"1024\" height=\"1024\" src=\"https:\/\/panicfactory.fr\/wp-content\/uploads\/2025\/07\/PFS4_theme_1-1024x1024.jpg\" class=\"attachment-large size-large\" alt=\"\" srcset=\"https:\/\/panicfactory.fr\/wp-content\/uploads\/2025\/07\/PFS4_theme_1-1024x1024.jpg 1024w, https:\/\/panicfactory.fr\/wp-content\/uploads\/2025\/07\/PFS4_theme_1-300x300.jpg 300w, https:\/\/panicfactory.fr\/wp-content\/uploads\/2025\/07\/PFS4_theme_1-150x150.jpg 150w, https:\/\/panicfactory.fr\/wp-content\/uploads\/2025\/07\/PFS4_theme_1-768x768.jpg 768w, https:\/\/panicfactory.fr\/wp-content\/uploads\/2025\/07\/PFS4_theme_1.jpg 1181w\" sizes=\"auto, (max-width: 1024px) 100vw, 1024px\" \/>\t\t\t\t\t<\/div>\n\t\t\t\t\t\t\t\t<div class=\"hotspot-content\">\n\t\t\t\t\t<p>Une successions de \"jolies\" fables fa\u00e7on Panic Factory peupl\u00e9es de personnages iconiques et remplies d'\u00e9preuves dantesques !<\/p>\n\t\t\t\t<\/div>\n\t\t\t<\/div>\n\t\t\t\t\t\n\t\t\t\t\t\t<div class=\"hotspot-info \" id=\"hotspot-hotspot-2336-2\">\n\t\t\t\t\n\t\t\t\t<h2 class=\"hotspot-title\">Th\u00e8me 2 : La ferme des timbr\u00e9s<\/h2>\t\t\t\t\t\t\t\t\t<div class=\"hotspot-thumb\">\n\t\t\t\t\t\t<img loading=\"lazy\" decoding=\"async\" width=\"1024\" height=\"1024\" src=\"https:\/\/panicfactory.fr\/wp-content\/uploads\/2025\/07\/PFS4_theme_2-1024x1024.jpg\" class=\"attachment-large size-large\" alt=\"\" srcset=\"https:\/\/panicfactory.fr\/wp-content\/uploads\/2025\/07\/PFS4_theme_2-1024x1024.jpg 1024w, https:\/\/panicfactory.fr\/wp-content\/uploads\/2025\/07\/PFS4_theme_2-300x300.jpg 300w, https:\/\/panicfactory.fr\/wp-content\/uploads\/2025\/07\/PFS4_theme_2-150x150.jpg 150w, https:\/\/panicfactory.fr\/wp-content\/uploads\/2025\/07\/PFS4_theme_2-768x768.jpg 768w, https:\/\/panicfactory.fr\/wp-content\/uploads\/2025\/07\/PFS4_theme_2.jpg 1181w\" sizes=\"auto, (max-width: 1024px) 100vw, 1024px\" \/>\t\t\t\t\t<\/div>\n\t\t\t\t\t\t\t\t<div class=\"hotspot-content\">\n\t\t\t\t\t<p>3 zones compl\u00e8tement folles sur le th\u00e8me de la ferme, serrez-vous \u00e0 la hauteur pour la moisson de points?<\/p>\n\t\t\t\t<\/div>\n\t\t\t<\/div>\n\t\t\t\t\t\n\t\t\t\t\t\t<div class=\"hotspot-info \" id=\"hotspot-hotspot-2336-3\">\n\t\t\t\t\n\t\t\t\t<h2 class=\"hotspot-title\">Th\u00e8me 3 : terreur spatiale<\/h2>\t\t\t\t\t\t\t\t\t<div class=\"hotspot-thumb\">\n\t\t\t\t\t\t<img loading=\"lazy\" decoding=\"async\" width=\"1024\" height=\"1024\" src=\"https:\/\/panicfactory.fr\/wp-content\/uploads\/2025\/07\/PFS4_theme_3-1024x1024.jpg\" class=\"attachment-large size-large\" alt=\"\" srcset=\"https:\/\/panicfactory.fr\/wp-content\/uploads\/2025\/07\/PFS4_theme_3-1024x1024.jpg 1024w, https:\/\/panicfactory.fr\/wp-content\/uploads\/2025\/07\/PFS4_theme_3-300x300.jpg 300w, https:\/\/panicfactory.fr\/wp-content\/uploads\/2025\/07\/PFS4_theme_3-150x150.jpg 150w, https:\/\/panicfactory.fr\/wp-content\/uploads\/2025\/07\/PFS4_theme_3-768x768.jpg 768w, https:\/\/panicfactory.fr\/wp-content\/uploads\/2025\/07\/PFS4_theme_3.jpg 1181w\" sizes=\"auto, (max-width: 1024px) 100vw, 1024px\" \/>\t\t\t\t\t<\/div>\n\t\t\t\t\t\t\t\t<div class=\"hotspot-content\">\n\t\t\t\t\t<p>Un univers th\u00e9matique grandiose qui vous fera vivre votre plus \u00e9pique odyss\u00e9e spatiale de l'horreur !<\/p>\n\t\t\t\t<\/div>\n\t\t\t<\/div>\n\t\t\t\t\t\n\t\t\t\t\t\t<div class=\"hotspot-info \" id=\"hotspot-hotspot-2336-4\">\n\t\t\t\t\n\t\t\t\t<h2 class=\"hotspot-title\">Accueil, briefing, d\u00e9briefing<\/h2>\t\t\t\t\t\t\t\t<div class=\"hotspot-content\">\n\t\t\t\t\t\t\t\t\t<\/div>\n\t\t\t<\/div>\n\t\t\t<\/div>\n\n\n","protected":false},"excerpt":{"rendered":"","protected":false},"author":1,"featured_media":0,"parent":0,"menu_order":0,"comment_status":"closed","ping_status":"closed","template":"","meta":{"footnotes":""},"class_list":["post-2338","page","type-page","status-publish","hentry","no-thumb"],"yoast_head":"<!-- This site is optimized with the Yoast SEO plugin v21.0 - https:\/\/yoast.com\/wordpress\/plugins\/seo\/ -->\n<title>Plan interactif - Panic Factory<\/title>\n<meta name=\"robots\" content=\"index, follow, max-snippet:-1, max-image-preview:large, max-video-preview:-1\" \/>\n<link rel=\"canonical\" href=\"https:\/\/panicfactory.fr\/index.php\/plan-interactif\/\" \/>\n<meta property=\"og:locale\" content=\"fr_FR\" \/>\n<meta property=\"og:type\" content=\"article\" \/>\n<meta property=\"og:title\" content=\"Plan interactif - Panic Factory\" \/>\n<meta property=\"og:url\" content=\"https:\/\/panicfactory.fr\/index.php\/plan-interactif\/\" \/>\n<meta property=\"og:site_name\" content=\"Panic Factory\" \/>\n<meta property=\"article:modified_time\" content=\"2025-08-11T13:51:02+00:00\" \/>\n<meta name=\"twitter:card\" content=\"summary_large_image\" \/>\n<meta name=\"twitter:label1\" content=\"Dur\u00e9e de lecture estim\u00e9e\" \/>\n\t<meta name=\"twitter:data1\" content=\"1 minute\" \/>\n<script type=\"application\/ld+json\" class=\"yoast-schema-graph\">{\"@context\":\"https:\/\/schema.org\",\"@graph\":[{\"@type\":\"WebPage\",\"@id\":\"https:\/\/panicfactory.fr\/index.php\/plan-interactif\/\",\"url\":\"https:\/\/panicfactory.fr\/index.php\/plan-interactif\/\",\"name\":\"Plan interactif - Panic Factory\",\"isPartOf\":{\"@id\":\"https:\/\/panicfactory.fr\/#website\"},\"datePublished\":\"2025-07-05T14:45:10+00:00\",\"dateModified\":\"2025-08-11T13:51:02+00:00\",\"breadcrumb\":{\"@id\":\"https:\/\/panicfactory.fr\/index.php\/plan-interactif\/#breadcrumb\"},\"inLanguage\":\"fr-FR\",\"potentialAction\":[{\"@type\":\"ReadAction\",\"target\":[\"https:\/\/panicfactory.fr\/index.php\/plan-interactif\/\"]}]},{\"@type\":\"BreadcrumbList\",\"@id\":\"https:\/\/panicfactory.fr\/index.php\/plan-interactif\/#breadcrumb\",\"itemListElement\":[{\"@type\":\"ListItem\",\"position\":1,\"name\":\"Accueil\",\"item\":\"https:\/\/panicfactory.fr\/\"},{\"@type\":\"ListItem\",\"position\":2,\"name\":\"Plan interactif\"}]},{\"@type\":\"WebSite\",\"@id\":\"https:\/\/panicfactory.fr\/#website\",\"url\":\"https:\/\/panicfactory.fr\/\",\"name\":\"Panic Factory\",\"description\":\"Oserez-vous affronter vos peurs?\",\"publisher\":{\"@id\":\"https:\/\/panicfactory.fr\/#organization\"},\"potentialAction\":[{\"@type\":\"SearchAction\",\"target\":{\"@type\":\"EntryPoint\",\"urlTemplate\":\"https:\/\/panicfactory.fr\/?s={search_term_string}\"},\"query-input\":\"required name=search_term_string\"}],\"inLanguage\":\"fr-FR\"},{\"@type\":\"Organization\",\"@id\":\"https:\/\/panicfactory.fr\/#organization\",\"name\":\"Panic Factory\",\"url\":\"https:\/\/panicfactory.fr\/\",\"logo\":{\"@type\":\"ImageObject\",\"inLanguage\":\"fr-FR\",\"@id\":\"https:\/\/panicfactory.fr\/#\/schema\/logo\/image\/\",\"url\":\"https:\/\/panicfactory.fr\/wp-content\/uploads\/2026\/04\/cropped-PFS5_logo_mini-h150-01.png\",\"contentUrl\":\"https:\/\/panicfactory.fr\/wp-content\/uploads\/2026\/04\/cropped-PFS5_logo_mini-h150-01.png\",\"width\":192,\"height\":150,\"caption\":\"Panic Factory\"},\"image\":{\"@id\":\"https:\/\/panicfactory.fr\/#\/schema\/logo\/image\/\"}}]}<\/script>\n<!-- \/ Yoast SEO plugin. -->","yoast_head_json":{"title":"Plan interactif - Panic Factory","robots":{"index":"index","follow":"follow","max-snippet":"max-snippet:-1","max-image-preview":"max-image-preview:large","max-video-preview":"max-video-preview:-1"},"canonical":"https:\/\/panicfactory.fr\/index.php\/plan-interactif\/","og_locale":"fr_FR","og_type":"article","og_title":"Plan interactif - Panic Factory","og_url":"https:\/\/panicfactory.fr\/index.php\/plan-interactif\/","og_site_name":"Panic Factory","article_modified_time":"2025-08-11T13:51:02+00:00","twitter_card":"summary_large_image","twitter_misc":{"Dur\u00e9e de lecture estim\u00e9e":"1 minute"},"schema":{"@context":"https:\/\/schema.org","@graph":[{"@type":"WebPage","@id":"https:\/\/panicfactory.fr\/index.php\/plan-interactif\/","url":"https:\/\/panicfactory.fr\/index.php\/plan-interactif\/","name":"Plan interactif - Panic Factory","isPartOf":{"@id":"https:\/\/panicfactory.fr\/#website"},"datePublished":"2025-07-05T14:45:10+00:00","dateModified":"2025-08-11T13:51:02+00:00","breadcrumb":{"@id":"https:\/\/panicfactory.fr\/index.php\/plan-interactif\/#breadcrumb"},"inLanguage":"fr-FR","potentialAction":[{"@type":"ReadAction","target":["https:\/\/panicfactory.fr\/index.php\/plan-interactif\/"]}]},{"@type":"BreadcrumbList","@id":"https:\/\/panicfactory.fr\/index.php\/plan-interactif\/#breadcrumb","itemListElement":[{"@type":"ListItem","position":1,"name":"Accueil","item":"https:\/\/panicfactory.fr\/"},{"@type":"ListItem","position":2,"name":"Plan interactif"}]},{"@type":"WebSite","@id":"https:\/\/panicfactory.fr\/#website","url":"https:\/\/panicfactory.fr\/","name":"Panic Factory","description":"Oserez-vous affronter vos peurs?","publisher":{"@id":"https:\/\/panicfactory.fr\/#organization"},"potentialAction":[{"@type":"SearchAction","target":{"@type":"EntryPoint","urlTemplate":"https:\/\/panicfactory.fr\/?s={search_term_string}"},"query-input":"required name=search_term_string"}],"inLanguage":"fr-FR"},{"@type":"Organization","@id":"https:\/\/panicfactory.fr\/#organization","name":"Panic Factory","url":"https:\/\/panicfactory.fr\/","logo":{"@type":"ImageObject","inLanguage":"fr-FR","@id":"https:\/\/panicfactory.fr\/#\/schema\/logo\/image\/","url":"https:\/\/panicfactory.fr\/wp-content\/uploads\/2026\/04\/cropped-PFS5_logo_mini-h150-01.png","contentUrl":"https:\/\/panicfactory.fr\/wp-content\/uploads\/2026\/04\/cropped-PFS5_logo_mini-h150-01.png","width":192,"height":150,"caption":"Panic Factory"},"image":{"@id":"https:\/\/panicfactory.fr\/#\/schema\/logo\/image\/"}}]}},"_links":{"self":[{"href":"https:\/\/panicfactory.fr\/index.php\/wp-json\/wp\/v2\/pages\/2338","targetHints":{"allow":["GET"]}}],"collection":[{"href":"https:\/\/panicfactory.fr\/index.php\/wp-json\/wp\/v2\/pages"}],"about":[{"href":"https:\/\/panicfactory.fr\/index.php\/wp-json\/wp\/v2\/types\/page"}],"author":[{"embeddable":true,"href":"https:\/\/panicfactory.fr\/index.php\/wp-json\/wp\/v2\/users\/1"}],"replies":[{"embeddable":true,"href":"https:\/\/panicfactory.fr\/index.php\/wp-json\/wp\/v2\/comments?post=2338"}],"version-history":[{"count":4,"href":"https:\/\/panicfactory.fr\/index.php\/wp-json\/wp\/v2\/pages\/2338\/revisions"}],"predecessor-version":[{"id":2368,"href":"https:\/\/panicfactory.fr\/index.php\/wp-json\/wp\/v2\/pages\/2338\/revisions\/2368"}],"wp:attachment":[{"href":"https:\/\/panicfactory.fr\/index.php\/wp-json\/wp\/v2\/media?parent=2338"}],"curies":[{"name":"wp","href":"https:\/\/api.w.org\/{rel}","templated":true}]}}