{"id":2357,"date":"2025-08-07T10:50:56","date_gmt":"2025-08-07T08:50:56","guid":{"rendered":"https:\/\/panicfactory.fr\/?page_id=2357"},"modified":"2025-09-16T17:10:19","modified_gmt":"2025-09-16T15:10:19","slug":"panic-factory-kids-day-les-journee-pour-enfants","status":"publish","type":"page","link":"https:\/\/panicfactory.fr\/index.php\/panic-factory-kids-day-les-journee-pour-enfants\/","title":{"rendered":"Kids Day !"},"content":{"rendered":"\n<h2 class=\"wp-block-heading\">Les journ\u00e9es pour enfants \u00e0 Panic Factory !<\/h2>\n\n\n\n<p class=\"has-text-align-center\"><strong>Nouveaut\u00e9 2025 ! Les journ\u00e9es pour enfants les mercredi 22 et 29 octobre de 14h \u00e0 18h<\/strong><\/p>\n\n\n\n<p class=\"has-text-align-center\">Une offre immersive avec des jeux et activit\u00e9s 100 % imagin\u00e9s pour les enfants de <strong>6 \u00e0 12 ans<\/strong>. Vous rencontrerez \u00e9galement nos nombreux personnages et pourrez profiter de la zone <strong>restauration et de l&rsquo;atelier maquillage*<\/strong> en fin de parcours (*en suppl\u00e9ments)<\/p>\n\n\n\n<p class=\"has-text-align-center\">Vid\u00e9o bande-annonce :<\/p>\n\n\n\n<figure class=\"wp-block-embed is-type-video is-provider-youtube wp-block-embed-youtube wp-embed-aspect-16-9 wp-has-aspect-ratio\"><div class=\"wp-block-embed__wrapper\">\n<iframe loading=\"lazy\" title=\"Panic Factory Kids Day 2025 - Bande annonce\" width=\"1440\" height=\"810\" src=\"https:\/\/www.youtube.com\/embed\/MgXDs6wXhFg?feature=oembed\" frameborder=\"0\" allow=\"accelerometer; autoplay; clipboard-write; encrypted-media; gyroscope; picture-in-picture; web-share\" referrerpolicy=\"strict-origin-when-cross-origin\" allowfullscreen><\/iframe>\n<\/div><\/figure>\n\n\n\n<div class=\"wp-block-columns is-layout-flex wp-container-core-columns-is-layout-9d6595d7 wp-block-columns-is-layout-flex\">\n<div class=\"wp-block-column is-layout-flow wp-block-column-is-layout-flow\" style=\"flex-basis:66.66%\">\n<div class=\"wp-block-columns is-layout-flex wp-container-core-columns-is-layout-9d6595d7 wp-block-columns-is-layout-flex\">\n<div class=\"wp-block-column is-layout-flow wp-block-column-is-layout-flow\">\n<figure class=\"wp-block-image size-full\"><img loading=\"lazy\" decoding=\"async\" width=\"699\" height=\"992\" src=\"https:\/\/panicfactory.fr\/wp-content\/uploads\/2025\/08\/PF-KidsDay-Flyer_A5_HR_v01_verso_l.jpg\" alt=\"\" class=\"wp-image-2395\" srcset=\"https:\/\/panicfactory.fr\/wp-content\/uploads\/2025\/08\/PF-KidsDay-Flyer_A5_HR_v01_verso_l.jpg 699w, https:\/\/panicfactory.fr\/wp-content\/uploads\/2025\/08\/PF-KidsDay-Flyer_A5_HR_v01_verso_l-211x300.jpg 211w\" sizes=\"auto, (max-width: 699px) 100vw, 699px\" \/><\/figure>\n<\/div>\n\n\n\n<div class=\"wp-block-column is-layout-flow wp-block-column-is-layout-flow\">\n<figure class=\"wp-block-image size-full\"><img loading=\"lazy\" decoding=\"async\" width=\"699\" height=\"992\" src=\"https:\/\/panicfactory.fr\/wp-content\/uploads\/2025\/09\/PF-KidsDay-Flyer_A5_HR_v01_recto_l.jpg\" alt=\"\" class=\"wp-image-2435\" srcset=\"https:\/\/panicfactory.fr\/wp-content\/uploads\/2025\/09\/PF-KidsDay-Flyer_A5_HR_v01_recto_l.jpg 699w, https:\/\/panicfactory.fr\/wp-content\/uploads\/2025\/09\/PF-KidsDay-Flyer_A5_HR_v01_recto_l-211x300.jpg 211w\" sizes=\"auto, (max-width: 699px) 100vw, 699px\" \/><\/figure>\n<\/div>\n<\/div>\n\n\n\n<h3 class=\"wp-block-heading\">D\u00e9roul\u00e9 de votre session Kids Day :<\/h3>\n\n\n\n<p>Il est important d&rsquo;\u00eatre ponctuels ! Pr\u00e9sentez-vous 10 minutes avant votre horaire de r\u00e9servation \u00e0 l&rsquo;accueil Panic Factory ! Vous allez ensuite d\u00e9marrer votre parcours en 3 \u00e9tapes de 20 minutes, soit une dur\u00e9e totale d&rsquo;une heure. Les enfants vont successivement d\u00e9couvrir 3 univers th\u00e9matiques : la zone des contes, la ferme et la zone espace !<\/p>\n<\/div>\n\n\n\n<div class=\"wp-block-column is-layout-flow wp-block-column-is-layout-flow\" style=\"flex-basis:33.33%\">\n<p class=\"has-text-align-center\"><strong>UNIQUEMENT SUR R\u00c9SERVATION <\/strong><\/p>\n\n\n\n<div class=\"wp-block-buttons is-content-justification-center is-layout-flex wp-container-core-buttons-is-layout-16018d1d wp-block-buttons-is-layout-flex\">\n<div class=\"wp-block-button is-style-fill\"><a class=\"wp-block-button__link has-vivid-green-cyan-background-color has-background has-text-align-center wp-element-button\" href=\"https:\/\/www.helloasso.com\/associations\/folles-id\/evenements\/panic-factory-kids-day\">Acc\u00e8s BILLETTERIE<\/a><\/div>\n<\/div>\n\n\n\n<p class=\"has-text-align-center\"><\/p>\n\n\n\n<h3 class=\"wp-block-heading has-text-align-center\">Important : conditions d&rsquo;acc\u00e8s :<\/h3>\n\n\n\n<ul class=\"wp-block-list\">\n<li>1 adulte obligatoire et maximum par enfant<\/li>\n\n\n\n<li>maximum 3 enfants par adulte accompagnant<\/li>\n<\/ul>\n\n\n\n<figure class=\"wp-block-table is-style-regular\"><table class=\"has-background has-fixed-layout\" style=\"background-color:#424242\"><tbody><tr><td class=\"has-text-align-center\" data-align=\"center\"><strong>Nombre d&rsquo;enfant(s)<\/strong><\/td><td class=\"has-text-align-center\" data-align=\"center\"><strong>Accompagnant minimum<\/strong><\/td><td class=\"has-text-align-center\" data-align=\"center\"><strong>Accompagnant maximum<\/strong><\/td><\/tr><tr><td class=\"has-text-align-center\" data-align=\"center\">1<\/td><td class=\"has-text-align-center\" data-align=\"center\">1<\/td><td class=\"has-text-align-center\" data-align=\"center\">1<\/td><\/tr><tr><td class=\"has-text-align-center\" data-align=\"center\">2<\/td><td class=\"has-text-align-center\" data-align=\"center\">1<\/td><td class=\"has-text-align-center\" data-align=\"center\">2<\/td><\/tr><tr><td class=\"has-text-align-center\" data-align=\"center\">3<\/td><td class=\"has-text-align-center\" data-align=\"center\">1<\/td><td class=\"has-text-align-center\" data-align=\"center\">3<\/td><\/tr><\/tbody><\/table><\/figure>\n<\/div>\n<\/div>\n\n\n\n<p><\/p>\n","protected":false},"excerpt":{"rendered":"<p>Les journ\u00e9es pour enfants \u00e0 Panic Factory ! Nouveaut\u00e9 2025 ! Les journ\u00e9es pour enfants les mercredi 22 et 29 octobre de 14h \u00e0 18h Une offre immersive avec des jeux et activit\u00e9s 100 % imagin\u00e9s pour les enfants de 6 \u00e0 12 ans. Vous rencontrerez \u00e9galement nos nombreux personnages et pourrez profiter de laLire la suite &rarr;<\/p>\n","protected":false},"author":1,"featured_media":0,"parent":0,"menu_order":0,"comment_status":"closed","ping_status":"closed","template":"","meta":{"footnotes":""},"class_list":["post-2357","page","type-page","status-publish","hentry","no-thumb"],"yoast_head":"<!-- This site is optimized with the Yoast SEO plugin v21.0 - https:\/\/yoast.com\/wordpress\/plugins\/seo\/ -->\n<title>Kids Day ! - Panic Factory<\/title>\n<meta name=\"robots\" content=\"index, follow, max-snippet:-1, max-image-preview:large, max-video-preview:-1\" \/>\n<link rel=\"canonical\" href=\"https:\/\/panicfactory.fr\/index.php\/panic-factory-kids-day-les-journee-pour-enfants\/\" \/>\n<meta property=\"og:locale\" content=\"fr_FR\" \/>\n<meta property=\"og:type\" content=\"article\" \/>\n<meta property=\"og:title\" content=\"Kids Day ! - Panic Factory\" \/>\n<meta property=\"og:description\" content=\"Les journ\u00e9es pour enfants \u00e0 Panic Factory ! Nouveaut\u00e9 2025 ! Les journ\u00e9es pour enfants les mercredi 22 et 29 octobre de 14h \u00e0 18h Une offre immersive avec des jeux et activit\u00e9s 100 % imagin\u00e9s pour les enfants de 6 \u00e0 12 ans. Vous rencontrerez \u00e9galement nos nombreux personnages et pourrez profiter de laLire la suite &rarr;\" \/>\n<meta property=\"og:url\" content=\"https:\/\/panicfactory.fr\/index.php\/panic-factory-kids-day-les-journee-pour-enfants\/\" \/>\n<meta property=\"og:site_name\" content=\"Panic Factory\" \/>\n<meta property=\"article:modified_time\" content=\"2025-09-16T15:10:19+00:00\" \/>\n<meta property=\"og:image\" content=\"https:\/\/panicfactory.fr\/wp-content\/uploads\/2025\/08\/PF-KidsDay-Flyer_A5_HR_v01_verso_l.jpg\" \/>\n<meta name=\"twitter:card\" content=\"summary_large_image\" \/>\n<meta name=\"twitter:label1\" content=\"Dur\u00e9e de lecture estim\u00e9e\" \/>\n\t<meta name=\"twitter:data1\" content=\"2 minutes\" \/>\n<script type=\"application\/ld+json\" class=\"yoast-schema-graph\">{\"@context\":\"https:\/\/schema.org\",\"@graph\":[{\"@type\":\"WebPage\",\"@id\":\"https:\/\/panicfactory.fr\/index.php\/panic-factory-kids-day-les-journee-pour-enfants\/\",\"url\":\"https:\/\/panicfactory.fr\/index.php\/panic-factory-kids-day-les-journee-pour-enfants\/\",\"name\":\"Kids Day ! - Panic Factory\",\"isPartOf\":{\"@id\":\"https:\/\/panicfactory.fr\/#website\"},\"datePublished\":\"2025-08-07T08:50:56+00:00\",\"dateModified\":\"2025-09-16T15:10:19+00:00\",\"breadcrumb\":{\"@id\":\"https:\/\/panicfactory.fr\/index.php\/panic-factory-kids-day-les-journee-pour-enfants\/#breadcrumb\"},\"inLanguage\":\"fr-FR\",\"potentialAction\":[{\"@type\":\"ReadAction\",\"target\":[\"https:\/\/panicfactory.fr\/index.php\/panic-factory-kids-day-les-journee-pour-enfants\/\"]}]},{\"@type\":\"BreadcrumbList\",\"@id\":\"https:\/\/panicfactory.fr\/index.php\/panic-factory-kids-day-les-journee-pour-enfants\/#breadcrumb\",\"itemListElement\":[{\"@type\":\"ListItem\",\"position\":1,\"name\":\"Accueil\",\"item\":\"https:\/\/panicfactory.fr\/\"},{\"@type\":\"ListItem\",\"position\":2,\"name\":\"Kids Day !\"}]},{\"@type\":\"WebSite\",\"@id\":\"https:\/\/panicfactory.fr\/#website\",\"url\":\"https:\/\/panicfactory.fr\/\",\"name\":\"Panic Factory\",\"description\":\"Oserez-vous affronter vos peurs?\",\"publisher\":{\"@id\":\"https:\/\/panicfactory.fr\/#organization\"},\"potentialAction\":[{\"@type\":\"SearchAction\",\"target\":{\"@type\":\"EntryPoint\",\"urlTemplate\":\"https:\/\/panicfactory.fr\/?s={search_term_string}\"},\"query-input\":\"required name=search_term_string\"}],\"inLanguage\":\"fr-FR\"},{\"@type\":\"Organization\",\"@id\":\"https:\/\/panicfactory.fr\/#organization\",\"name\":\"Panic Factory\",\"url\":\"https:\/\/panicfactory.fr\/\",\"logo\":{\"@type\":\"ImageObject\",\"inLanguage\":\"fr-FR\",\"@id\":\"https:\/\/panicfactory.fr\/#\/schema\/logo\/image\/\",\"url\":\"https:\/\/panicfactory.fr\/wp-content\/uploads\/2025\/04\/cropped-PFS4_logo_mini-h150-01.png\",\"contentUrl\":\"https:\/\/panicfactory.fr\/wp-content\/uploads\/2025\/04\/cropped-PFS4_logo_mini-h150-01.png\",\"width\":192,\"height\":150,\"caption\":\"Panic Factory\"},\"image\":{\"@id\":\"https:\/\/panicfactory.fr\/#\/schema\/logo\/image\/\"}}]}<\/script>\n<!-- \/ Yoast SEO plugin. -->","yoast_head_json":{"title":"Kids Day ! - Panic Factory","robots":{"index":"index","follow":"follow","max-snippet":"max-snippet:-1","max-image-preview":"max-image-preview:large","max-video-preview":"max-video-preview:-1"},"canonical":"https:\/\/panicfactory.fr\/index.php\/panic-factory-kids-day-les-journee-pour-enfants\/","og_locale":"fr_FR","og_type":"article","og_title":"Kids Day ! - Panic Factory","og_description":"Les journ\u00e9es pour enfants \u00e0 Panic Factory ! Nouveaut\u00e9 2025 ! Les journ\u00e9es pour enfants les mercredi 22 et 29 octobre de 14h \u00e0 18h Une offre immersive avec des jeux et activit\u00e9s 100 % imagin\u00e9s pour les enfants de 6 \u00e0 12 ans. Vous rencontrerez \u00e9galement nos nombreux personnages et pourrez profiter de laLire la suite &rarr;","og_url":"https:\/\/panicfactory.fr\/index.php\/panic-factory-kids-day-les-journee-pour-enfants\/","og_site_name":"Panic Factory","article_modified_time":"2025-09-16T15:10:19+00:00","og_image":[{"url":"https:\/\/panicfactory.fr\/wp-content\/uploads\/2025\/08\/PF-KidsDay-Flyer_A5_HR_v01_verso_l.jpg"}],"twitter_card":"summary_large_image","twitter_misc":{"Dur\u00e9e de lecture estim\u00e9e":"2 minutes"},"schema":{"@context":"https:\/\/schema.org","@graph":[{"@type":"WebPage","@id":"https:\/\/panicfactory.fr\/index.php\/panic-factory-kids-day-les-journee-pour-enfants\/","url":"https:\/\/panicfactory.fr\/index.php\/panic-factory-kids-day-les-journee-pour-enfants\/","name":"Kids Day ! - Panic Factory","isPartOf":{"@id":"https:\/\/panicfactory.fr\/#website"},"datePublished":"2025-08-07T08:50:56+00:00","dateModified":"2025-09-16T15:10:19+00:00","breadcrumb":{"@id":"https:\/\/panicfactory.fr\/index.php\/panic-factory-kids-day-les-journee-pour-enfants\/#breadcrumb"},"inLanguage":"fr-FR","potentialAction":[{"@type":"ReadAction","target":["https:\/\/panicfactory.fr\/index.php\/panic-factory-kids-day-les-journee-pour-enfants\/"]}]},{"@type":"BreadcrumbList","@id":"https:\/\/panicfactory.fr\/index.php\/panic-factory-kids-day-les-journee-pour-enfants\/#breadcrumb","itemListElement":[{"@type":"ListItem","position":1,"name":"Accueil","item":"https:\/\/panicfactory.fr\/"},{"@type":"ListItem","position":2,"name":"Kids Day !"}]},{"@type":"WebSite","@id":"https:\/\/panicfactory.fr\/#website","url":"https:\/\/panicfactory.fr\/","name":"Panic Factory","description":"Oserez-vous affronter vos peurs?","publisher":{"@id":"https:\/\/panicfactory.fr\/#organization"},"potentialAction":[{"@type":"SearchAction","target":{"@type":"EntryPoint","urlTemplate":"https:\/\/panicfactory.fr\/?s={search_term_string}"},"query-input":"required name=search_term_string"}],"inLanguage":"fr-FR"},{"@type":"Organization","@id":"https:\/\/panicfactory.fr\/#organization","name":"Panic Factory","url":"https:\/\/panicfactory.fr\/","logo":{"@type":"ImageObject","inLanguage":"fr-FR","@id":"https:\/\/panicfactory.fr\/#\/schema\/logo\/image\/","url":"https:\/\/panicfactory.fr\/wp-content\/uploads\/2025\/04\/cropped-PFS4_logo_mini-h150-01.png","contentUrl":"https:\/\/panicfactory.fr\/wp-content\/uploads\/2025\/04\/cropped-PFS4_logo_mini-h150-01.png","width":192,"height":150,"caption":"Panic Factory"},"image":{"@id":"https:\/\/panicfactory.fr\/#\/schema\/logo\/image\/"}}]}},"_links":{"self":[{"href":"https:\/\/panicfactory.fr\/index.php\/wp-json\/wp\/v2\/pages\/2357","targetHints":{"allow":["GET"]}}],"collection":[{"href":"https:\/\/panicfactory.fr\/index.php\/wp-json\/wp\/v2\/pages"}],"about":[{"href":"https:\/\/panicfactory.fr\/index.php\/wp-json\/wp\/v2\/types\/page"}],"author":[{"embeddable":true,"href":"https:\/\/panicfactory.fr\/index.php\/wp-json\/wp\/v2\/users\/1"}],"replies":[{"embeddable":true,"href":"https:\/\/panicfactory.fr\/index.php\/wp-json\/wp\/v2\/comments?post=2357"}],"version-history":[{"count":22,"href":"https:\/\/panicfactory.fr\/index.php\/wp-json\/wp\/v2\/pages\/2357\/revisions"}],"predecessor-version":[{"id":2436,"href":"https:\/\/panicfactory.fr\/index.php\/wp-json\/wp\/v2\/pages\/2357\/revisions\/2436"}],"wp:attachment":[{"href":"https:\/\/panicfactory.fr\/index.php\/wp-json\/wp\/v2\/media?parent=2357"}],"curies":[{"name":"wp","href":"https:\/\/api.w.org\/{rel}","templated":true}]}}