{"id":268,"date":"2022-07-20T17:18:22","date_gmt":"2022-07-20T15:18:22","guid":{"rendered":"http:\/\/ltqcgqs.cluster030.hosting.ovh.net\/?page_id=268"},"modified":"2024-08-09T08:59:28","modified_gmt":"2024-08-09T06:59:28","slug":"lassociation-folles-id","status":"publish","type":"page","link":"https:\/\/panicfactory.fr\/index.php\/lassociation-folles-id\/","title":{"rendered":"L&rsquo;association Folles ID"},"content":{"rendered":"<div class=\"wp-block-image is-style-default\">\n<figure class=\"aligncenter size-full\"><img loading=\"lazy\" decoding=\"async\" width=\"960\" height=\"356\" src=\"https:\/\/panicfactory.fr\/wp-content\/uploads\/2024\/08\/FID_FB_banner23-1B.png\" alt=\"\" class=\"wp-image-1929\" srcset=\"https:\/\/panicfactory.fr\/wp-content\/uploads\/2024\/08\/FID_FB_banner23-1B.png 960w, https:\/\/panicfactory.fr\/wp-content\/uploads\/2024\/08\/FID_FB_banner23-1B-300x111.png 300w, https:\/\/panicfactory.fr\/wp-content\/uploads\/2024\/08\/FID_FB_banner23-1B-768x285.png 768w\" sizes=\"auto, (max-width: 960px) 100vw, 960px\" \/><\/figure>\n<\/div>\n\n\n<p><\/p>\n\n\n\n<p class=\"has-text-align-center\">Panic Factory est un concept \u00e9v\u00e8nementiel cr\u00e9\u00e9 et organis\u00e9 par l&rsquo;Association Folles ID dont les buts sont:  <\/p>\n\n\n\n<p class=\"has-text-align-left\">\u25cf la production de spectacles et d&rsquo;\u00e9v\u00e8nements culturels de type escape-game, jeux inter-villages, concerts, soir\u00e9es dansantes, soir\u00e9es \u00e0 th\u00e8mes etc\u2026<\/p>\n\n\n\n<p class=\"has-text-align-left\">\u25cf la diffusion et la promotion de spectacles vivants et\/ou de manifestations culturelles.<\/p>\n\n\n\n<p class=\"has-text-align-left\">\u25cf toute autre activit\u00e9 contribuant \u00e0 l\u2019objet de l&rsquo;association<\/p>\n\n\n\n<div class=\"wp-block-columns is-layout-flex wp-container-core-columns-is-layout-9d6595d7 wp-block-columns-is-layout-flex\">\n<div class=\"wp-block-column is-layout-flow wp-block-column-is-layout-flow\"><div class=\"wp-block-image\">\n<figure class=\"aligncenter size-full is-resized\"><a href=\"https:\/\/panicfactory.fr\/index.php\/rejoignez-lassociation-folles-id\/\"><img loading=\"lazy\" decoding=\"async\" width=\"180\" height=\"180\" src=\"https:\/\/panicfactory.fr\/wp-content\/uploads\/2024\/08\/participant.png\" alt=\"\" class=\"wp-image-1913\" style=\"width:70px;height:auto\" srcset=\"https:\/\/panicfactory.fr\/wp-content\/uploads\/2024\/08\/participant.png 180w, https:\/\/panicfactory.fr\/wp-content\/uploads\/2024\/08\/participant-150x150.png 150w\" sizes=\"auto, (max-width: 180px) 100vw, 180px\" \/><\/a><\/figure>\n<\/div>\n\n\n<div class=\"wp-block-buttons is-content-justification-center is-layout-flex wp-container-core-buttons-is-layout-16018d1d wp-block-buttons-is-layout-flex\">\n<div class=\"wp-block-button has-custom-font-size is-style-fill has-small-font-size\"><a class=\"wp-block-button__link has-white-color has-text-color has-background has-link-color wp-element-button\" href=\"https:\/\/panicfactory.fr\/index.php\/rejoignez-lassociation-folles-id\/\" style=\"border-radius:11px;background:linear-gradient(175deg,rgb(255,105,0) 0%,rgb(111,23,23) 100%)\">Rejoindre Folles ID<\/a><\/div>\n<\/div>\n<\/div>\n\n\n\n<div class=\"wp-block-column is-layout-flow wp-block-column-is-layout-flow\"><div class=\"wp-block-image\">\n<figure class=\"aligncenter size-full is-resized\"><a href=\"https:\/\/follesid.fr\/\" target=\"_blank\" rel=\"noreferrer noopener\"><img loading=\"lazy\" decoding=\"async\" width=\"180\" height=\"180\" src=\"https:\/\/panicfactory.fr\/wp-content\/uploads\/2024\/08\/booking_icon2-1.png\" alt=\"\" class=\"wp-image-1925\" style=\"width:70px;height:auto\" srcset=\"https:\/\/panicfactory.fr\/wp-content\/uploads\/2024\/08\/booking_icon2-1.png 180w, https:\/\/panicfactory.fr\/wp-content\/uploads\/2024\/08\/booking_icon2-1-150x150.png 150w\" sizes=\"auto, (max-width: 180px) 100vw, 180px\" \/><\/a><\/figure>\n<\/div>\n\n\n<div class=\"wp-block-buttons is-content-justification-center is-layout-flex wp-container-core-buttons-is-layout-16018d1d wp-block-buttons-is-layout-flex\">\n<div class=\"wp-block-button has-custom-font-size is-style-fill has-small-font-size\"><a class=\"wp-block-button__link has-white-color has-text-color has-background has-link-color wp-element-button\" href=\"https:\/\/follesid.fr\/\" style=\"border-radius:11px;background:linear-gradient(175deg,rgb(255,105,0) 0%,rgb(111,23,23) 100%)\">Le site Folles ID<\/a><\/div>\n<\/div>\n<\/div>\n\n\n\n<div class=\"wp-block-column is-layout-flow wp-block-column-is-layout-flow\"><div class=\"wp-block-image\">\n<figure class=\"aligncenter size-full is-resized\"><a href=\"https:\/\/panicfactory.fr\/index.php\/contact\/\"><img loading=\"lazy\" decoding=\"async\" width=\"180\" height=\"180\" src=\"https:\/\/panicfactory.fr\/wp-content\/uploads\/2024\/08\/contact_icon2.png\" alt=\"\" class=\"wp-image-1920\" style=\"width:70px;height:auto\" srcset=\"https:\/\/panicfactory.fr\/wp-content\/uploads\/2024\/08\/contact_icon2.png 180w, https:\/\/panicfactory.fr\/wp-content\/uploads\/2024\/08\/contact_icon2-150x150.png 150w\" sizes=\"auto, (max-width: 180px) 100vw, 180px\" \/><\/a><\/figure>\n<\/div>\n\n\n<div class=\"wp-block-buttons is-content-justification-center is-layout-flex wp-container-core-buttons-is-layout-16018d1d wp-block-buttons-is-layout-flex\">\n<div class=\"wp-block-button has-custom-font-size is-style-fill has-small-font-size\"><a class=\"wp-block-button__link has-white-color has-text-color has-background has-link-color wp-element-button\" href=\"https:\/\/panicfactory.fr\/index.php\/contact\/act\/\" style=\"border-radius:11px;background:linear-gradient(175deg,rgb(255,105,0) 0%,rgb(111,23,23) 100%)\">Nous contacter<\/a><\/div>\n<\/div>\n<\/div>\n\n\n\n<div class=\"wp-block-column is-layout-flow wp-block-column-is-layout-flow\"><div class=\"wp-block-image\">\n<figure class=\"aligncenter size-full is-resized\"><img loading=\"lazy\" decoding=\"async\" width=\"180\" height=\"180\" src=\"https:\/\/panicfactory.fr\/wp-content\/uploads\/2024\/08\/members_icon2.png\" alt=\"\" class=\"wp-image-1933\" style=\"width:70px;height:auto\" srcset=\"https:\/\/panicfactory.fr\/wp-content\/uploads\/2024\/08\/members_icon2.png 180w, https:\/\/panicfactory.fr\/wp-content\/uploads\/2024\/08\/members_icon2-150x150.png 150w\" sizes=\"auto, (max-width: 180px) 100vw, 180px\" \/><\/figure>\n<\/div>\n\n\n<div class=\"wp-block-buttons is-content-justification-center is-layout-flex wp-container-core-buttons-is-layout-16018d1d wp-block-buttons-is-layout-flex\">\n<div class=\"wp-block-button has-custom-font-size is-style-fill has-small-font-size\"><a class=\"wp-block-button__link has-white-color has-text-color has-background has-link-color wp-element-button\" style=\"border-radius:11px;background:linear-gradient(175deg,rgb(255,105,0) 0%,rgb(111,23,23) 100%)\">Espace membres<\/a><\/div>\n<\/div>\n<\/div>\n<\/div>\n","protected":false},"excerpt":{"rendered":"<p>Panic Factory est un concept \u00e9v\u00e8nementiel cr\u00e9\u00e9 et organis\u00e9 par l&rsquo;Association Folles ID dont les buts sont: \u25cf la production de spectacles et d&rsquo;\u00e9v\u00e8nements culturels de type escape-game, jeux inter-villages, concerts, soir\u00e9es dansantes, soir\u00e9es \u00e0 th\u00e8mes etc\u2026 \u25cf la diffusion et la promotion de spectacles vivants et\/ou de manifestations culturelles. \u25cf toute autre activit\u00e9 contribuantLire la suite &rarr;<\/p>\n","protected":false},"author":1,"featured_media":0,"parent":0,"menu_order":0,"comment_status":"closed","ping_status":"closed","template":"","meta":{"footnotes":""},"class_list":["post-268","page","type-page","status-publish","hentry","no-thumb"],"yoast_head":"<!-- This site is optimized with the Yoast SEO plugin v21.0 - https:\/\/yoast.com\/wordpress\/plugins\/seo\/ -->\n<title>L&#039;association Folles ID - Panic Factory<\/title>\n<meta name=\"robots\" content=\"index, follow, max-snippet:-1, max-image-preview:large, max-video-preview:-1\" \/>\n<link rel=\"canonical\" href=\"https:\/\/panicfactory.fr\/index.php\/lassociation-folles-id\/\" \/>\n<meta property=\"og:locale\" content=\"fr_FR\" \/>\n<meta property=\"og:type\" content=\"article\" \/>\n<meta property=\"og:title\" content=\"L&#039;association Folles ID - Panic Factory\" \/>\n<meta property=\"og:description\" content=\"Panic Factory est un concept \u00e9v\u00e8nementiel cr\u00e9\u00e9 et organis\u00e9 par l&rsquo;Association Folles ID dont les buts sont: \u25cf la production de spectacles et d&rsquo;\u00e9v\u00e8nements culturels de type escape-game, jeux inter-villages, concerts, soir\u00e9es dansantes, soir\u00e9es \u00e0 th\u00e8mes etc\u2026 \u25cf la diffusion et la promotion de spectacles vivants et\/ou de manifestations culturelles. \u25cf toute autre activit\u00e9 contribuantLire la suite &rarr;\" \/>\n<meta property=\"og:url\" content=\"https:\/\/panicfactory.fr\/index.php\/lassociation-folles-id\/\" \/>\n<meta property=\"og:site_name\" content=\"Panic Factory\" \/>\n<meta property=\"article:modified_time\" content=\"2024-08-09T06:59:28+00:00\" \/>\n<meta property=\"og:image\" content=\"https:\/\/panicfactory.fr\/wp-content\/uploads\/2024\/08\/FID_FB_banner23-1B.png\" \/>\n<meta name=\"twitter:card\" content=\"summary_large_image\" \/>\n<meta name=\"twitter:label1\" content=\"Dur\u00e9e de lecture estim\u00e9e\" \/>\n\t<meta name=\"twitter:data1\" content=\"2 minutes\" \/>\n<script type=\"application\/ld+json\" class=\"yoast-schema-graph\">{\"@context\":\"https:\/\/schema.org\",\"@graph\":[{\"@type\":\"WebPage\",\"@id\":\"https:\/\/panicfactory.fr\/index.php\/lassociation-folles-id\/\",\"url\":\"https:\/\/panicfactory.fr\/index.php\/lassociation-folles-id\/\",\"name\":\"L'association Folles ID - Panic Factory\",\"isPartOf\":{\"@id\":\"https:\/\/panicfactory.fr\/#website\"},\"datePublished\":\"2022-07-20T15:18:22+00:00\",\"dateModified\":\"2024-08-09T06:59:28+00:00\",\"breadcrumb\":{\"@id\":\"https:\/\/panicfactory.fr\/index.php\/lassociation-folles-id\/#breadcrumb\"},\"inLanguage\":\"fr-FR\",\"potentialAction\":[{\"@type\":\"ReadAction\",\"target\":[\"https:\/\/panicfactory.fr\/index.php\/lassociation-folles-id\/\"]}]},{\"@type\":\"BreadcrumbList\",\"@id\":\"https:\/\/panicfactory.fr\/index.php\/lassociation-folles-id\/#breadcrumb\",\"itemListElement\":[{\"@type\":\"ListItem\",\"position\":1,\"name\":\"Accueil\",\"item\":\"https:\/\/panicfactory.fr\/\"},{\"@type\":\"ListItem\",\"position\":2,\"name\":\"L&rsquo;association Folles ID\"}]},{\"@type\":\"WebSite\",\"@id\":\"https:\/\/panicfactory.fr\/#website\",\"url\":\"https:\/\/panicfactory.fr\/\",\"name\":\"Panic Factory\",\"description\":\"Oserez-vous affronter vos peurs?\",\"publisher\":{\"@id\":\"https:\/\/panicfactory.fr\/#organization\"},\"potentialAction\":[{\"@type\":\"SearchAction\",\"target\":{\"@type\":\"EntryPoint\",\"urlTemplate\":\"https:\/\/panicfactory.fr\/?s={search_term_string}\"},\"query-input\":\"required name=search_term_string\"}],\"inLanguage\":\"fr-FR\"},{\"@type\":\"Organization\",\"@id\":\"https:\/\/panicfactory.fr\/#organization\",\"name\":\"Panic Factory\",\"url\":\"https:\/\/panicfactory.fr\/\",\"logo\":{\"@type\":\"ImageObject\",\"inLanguage\":\"fr-FR\",\"@id\":\"https:\/\/panicfactory.fr\/#\/schema\/logo\/image\/\",\"url\":\"https:\/\/panicfactory.fr\/wp-content\/uploads\/2026\/04\/cropped-PFS5_logo_mini-h150-01.png\",\"contentUrl\":\"https:\/\/panicfactory.fr\/wp-content\/uploads\/2026\/04\/cropped-PFS5_logo_mini-h150-01.png\",\"width\":192,\"height\":150,\"caption\":\"Panic Factory\"},\"image\":{\"@id\":\"https:\/\/panicfactory.fr\/#\/schema\/logo\/image\/\"}}]}<\/script>\n<!-- \/ Yoast SEO plugin. -->","yoast_head_json":{"title":"L'association Folles ID - Panic Factory","robots":{"index":"index","follow":"follow","max-snippet":"max-snippet:-1","max-image-preview":"max-image-preview:large","max-video-preview":"max-video-preview:-1"},"canonical":"https:\/\/panicfactory.fr\/index.php\/lassociation-folles-id\/","og_locale":"fr_FR","og_type":"article","og_title":"L'association Folles ID - Panic Factory","og_description":"Panic Factory est un concept \u00e9v\u00e8nementiel cr\u00e9\u00e9 et organis\u00e9 par l&rsquo;Association Folles ID dont les buts sont: \u25cf la production de spectacles et d&rsquo;\u00e9v\u00e8nements culturels de type escape-game, jeux inter-villages, concerts, soir\u00e9es dansantes, soir\u00e9es \u00e0 th\u00e8mes etc\u2026 \u25cf la diffusion et la promotion de spectacles vivants et\/ou de manifestations culturelles. \u25cf toute autre activit\u00e9 contribuantLire la suite &rarr;","og_url":"https:\/\/panicfactory.fr\/index.php\/lassociation-folles-id\/","og_site_name":"Panic Factory","article_modified_time":"2024-08-09T06:59:28+00:00","og_image":[{"url":"https:\/\/panicfactory.fr\/wp-content\/uploads\/2024\/08\/FID_FB_banner23-1B.png"}],"twitter_card":"summary_large_image","twitter_misc":{"Dur\u00e9e de lecture estim\u00e9e":"2 minutes"},"schema":{"@context":"https:\/\/schema.org","@graph":[{"@type":"WebPage","@id":"https:\/\/panicfactory.fr\/index.php\/lassociation-folles-id\/","url":"https:\/\/panicfactory.fr\/index.php\/lassociation-folles-id\/","name":"L'association Folles ID - Panic Factory","isPartOf":{"@id":"https:\/\/panicfactory.fr\/#website"},"datePublished":"2022-07-20T15:18:22+00:00","dateModified":"2024-08-09T06:59:28+00:00","breadcrumb":{"@id":"https:\/\/panicfactory.fr\/index.php\/lassociation-folles-id\/#breadcrumb"},"inLanguage":"fr-FR","potentialAction":[{"@type":"ReadAction","target":["https:\/\/panicfactory.fr\/index.php\/lassociation-folles-id\/"]}]},{"@type":"BreadcrumbList","@id":"https:\/\/panicfactory.fr\/index.php\/lassociation-folles-id\/#breadcrumb","itemListElement":[{"@type":"ListItem","position":1,"name":"Accueil","item":"https:\/\/panicfactory.fr\/"},{"@type":"ListItem","position":2,"name":"L&rsquo;association Folles ID"}]},{"@type":"WebSite","@id":"https:\/\/panicfactory.fr\/#website","url":"https:\/\/panicfactory.fr\/","name":"Panic Factory","description":"Oserez-vous affronter vos peurs?","publisher":{"@id":"https:\/\/panicfactory.fr\/#organization"},"potentialAction":[{"@type":"SearchAction","target":{"@type":"EntryPoint","urlTemplate":"https:\/\/panicfactory.fr\/?s={search_term_string}"},"query-input":"required name=search_term_string"}],"inLanguage":"fr-FR"},{"@type":"Organization","@id":"https:\/\/panicfactory.fr\/#organization","name":"Panic Factory","url":"https:\/\/panicfactory.fr\/","logo":{"@type":"ImageObject","inLanguage":"fr-FR","@id":"https:\/\/panicfactory.fr\/#\/schema\/logo\/image\/","url":"https:\/\/panicfactory.fr\/wp-content\/uploads\/2026\/04\/cropped-PFS5_logo_mini-h150-01.png","contentUrl":"https:\/\/panicfactory.fr\/wp-content\/uploads\/2026\/04\/cropped-PFS5_logo_mini-h150-01.png","width":192,"height":150,"caption":"Panic Factory"},"image":{"@id":"https:\/\/panicfactory.fr\/#\/schema\/logo\/image\/"}}]}},"_links":{"self":[{"href":"https:\/\/panicfactory.fr\/index.php\/wp-json\/wp\/v2\/pages\/268","targetHints":{"allow":["GET"]}}],"collection":[{"href":"https:\/\/panicfactory.fr\/index.php\/wp-json\/wp\/v2\/pages"}],"about":[{"href":"https:\/\/panicfactory.fr\/index.php\/wp-json\/wp\/v2\/types\/page"}],"author":[{"embeddable":true,"href":"https:\/\/panicfactory.fr\/index.php\/wp-json\/wp\/v2\/users\/1"}],"replies":[{"embeddable":true,"href":"https:\/\/panicfactory.fr\/index.php\/wp-json\/wp\/v2\/comments?post=268"}],"version-history":[{"count":32,"href":"https:\/\/panicfactory.fr\/index.php\/wp-json\/wp\/v2\/pages\/268\/revisions"}],"predecessor-version":[{"id":1934,"href":"https:\/\/panicfactory.fr\/index.php\/wp-json\/wp\/v2\/pages\/268\/revisions\/1934"}],"wp:attachment":[{"href":"https:\/\/panicfactory.fr\/index.php\/wp-json\/wp\/v2\/media?parent=268"}],"curies":[{"name":"wp","href":"https:\/\/api.w.org\/{rel}","templated":true}]}}