{"id":568,"date":"2022-09-02T11:56:08","date_gmt":"2022-09-02T09:56:08","guid":{"rendered":"https:\/\/panicfactory.fr\/?page_id=568"},"modified":"2022-09-02T11:56:08","modified_gmt":"2022-09-02T09:56:08","slug":"mentions-legales","status":"publish","type":"page","link":"https:\/\/panicfactory.fr\/index.php\/mentions-legales\/","title":{"rendered":"Mentions l\u00e9gales"},"content":{"rendered":"\n<h3 class=\"wp-block-heading\">Editeur:<\/h3>\n\n\n\n<p><strong><a href=\"http:\/\/www.panicfactory.fr\">www.panicfactory.fr <\/a> <\/strong>est la propri\u00e9t\u00e9 de l&rsquo;Association Folles ID<\/p>\n\n\n\n<p>Association r\u00e9gie par le droit local<\/p>\n\n\n\n<p>Si\u00e8ge social&nbsp;: &nbsp;3 All\u00e9e de l\u2019Economie \u2013 67370 WIWERSHEIM<\/p>\n\n\n\n<p>Tel&nbsp;: 07 73 26 25 98 \u2013 Mail&nbsp;: <a href=\"mailto:folles.id@gmail.com\">folles.id@gmail.com<\/a><\/p>\n\n\n\n<h3 class=\"wp-block-heading\">Directeur de la publication:<\/h3>\n\n\n\n<p>Association Folles ID<\/p>\n\n\n\n<h3 class=\"wp-block-heading\">H\u00e9bergement <\/h3>\n\n\n\n<p>OVH\u00a0<br>Si\u00e8ge social : 2 rue Kellermann &#8211; 59100 Roubaix, France\u00a0<br>T\u00e9l. +33 (0)8 99 70 17 61\u00a0<br><a rel=\"noreferrer noopener\" href=\"http:\/\/www.ovh.com\" target=\"_blank\">www.ovh.com<\/a><\/p>\n\n\n\n<h2 class=\"wp-block-heading\">Droit d&rsquo;auteur<\/h2>\n\n\n\n<p>Les fichiers contenus sur ce site sont des cr\u00e9ations graphiques et intellectuelles originales de Folles ID prot\u00e9g\u00e9es par la loi n\u00b0 92-597 du 1\/7\/1992 relative au code de la propri\u00e9t\u00e9 intellectuelle.<\/p>\n\n\n\n<p>Elles demeurent la propri\u00e9t\u00e9 morale et physique de leurs auteurs. Elles ne peuvent \u00eatre modifi\u00e9es, reproduites, vendues ou r\u00e9utilis\u00e9es pour autre usage (qui est soumis au paiement de droits de reproduction) sans accord \u00e9crit pr\u00e9alable de l&rsquo;association Folles ID.<\/p>\n","protected":false},"excerpt":{"rendered":"<p>Editeur: www.panicfactory.fr est la propri\u00e9t\u00e9 de l&rsquo;Association Folles ID Association r\u00e9gie par le droit local Si\u00e8ge social&nbsp;: &nbsp;3 All\u00e9e de l\u2019Economie \u2013 67370 WIWERSHEIM Tel&nbsp;: 07 73 26 25 98 \u2013 Mail&nbsp;: folles.id@gmail.com Directeur de la publication: Association Folles ID H\u00e9bergement OVH\u00a0Si\u00e8ge social : 2 rue Kellermann &#8211; 59100 Roubaix, France\u00a0T\u00e9l. +33 (0)8 99 70Lire la suite &rarr;<\/p>\n","protected":false},"author":1,"featured_media":0,"parent":0,"menu_order":0,"comment_status":"closed","ping_status":"closed","template":"","meta":{"footnotes":""},"class_list":["post-568","page","type-page","status-publish","hentry","no-thumb"],"yoast_head":"<!-- This site is optimized with the Yoast SEO plugin v21.0 - https:\/\/yoast.com\/wordpress\/plugins\/seo\/ -->\n<title>Mentions l\u00e9gales - Panic Factory<\/title>\n<meta name=\"robots\" content=\"index, follow, max-snippet:-1, max-image-preview:large, max-video-preview:-1\" \/>\n<link rel=\"canonical\" href=\"https:\/\/panicfactory.fr\/index.php\/mentions-legales\/\" \/>\n<meta property=\"og:locale\" content=\"fr_FR\" \/>\n<meta property=\"og:type\" content=\"article\" \/>\n<meta property=\"og:title\" content=\"Mentions l\u00e9gales - Panic Factory\" \/>\n<meta property=\"og:description\" content=\"Editeur: www.panicfactory.fr est la propri\u00e9t\u00e9 de l&rsquo;Association Folles ID Association r\u00e9gie par le droit local Si\u00e8ge social&nbsp;: &nbsp;3 All\u00e9e de l\u2019Economie \u2013 67370 WIWERSHEIM Tel&nbsp;: 07 73 26 25 98 \u2013 Mail&nbsp;: folles.id@gmail.com Directeur de la publication: Association Folles ID H\u00e9bergement OVH\u00a0Si\u00e8ge social : 2 rue Kellermann &#8211; 59100 Roubaix, France\u00a0T\u00e9l. +33 (0)8 99 70Lire la suite &rarr;\" \/>\n<meta property=\"og:url\" content=\"https:\/\/panicfactory.fr\/index.php\/mentions-legales\/\" \/>\n<meta property=\"og:site_name\" content=\"Panic Factory\" \/>\n<meta name=\"twitter:card\" content=\"summary_large_image\" \/>\n<meta name=\"twitter:label1\" content=\"Dur\u00e9e de lecture estim\u00e9e\" \/>\n\t<meta name=\"twitter:data1\" content=\"1 minute\" \/>\n<script type=\"application\/ld+json\" class=\"yoast-schema-graph\">{\"@context\":\"https:\/\/schema.org\",\"@graph\":[{\"@type\":\"WebPage\",\"@id\":\"https:\/\/panicfactory.fr\/index.php\/mentions-legales\/\",\"url\":\"https:\/\/panicfactory.fr\/index.php\/mentions-legales\/\",\"name\":\"Mentions l\u00e9gales - Panic Factory\",\"isPartOf\":{\"@id\":\"https:\/\/panicfactory.fr\/#website\"},\"datePublished\":\"2022-09-02T09:56:08+00:00\",\"dateModified\":\"2022-09-02T09:56:08+00:00\",\"breadcrumb\":{\"@id\":\"https:\/\/panicfactory.fr\/index.php\/mentions-legales\/#breadcrumb\"},\"inLanguage\":\"fr-FR\",\"potentialAction\":[{\"@type\":\"ReadAction\",\"target\":[\"https:\/\/panicfactory.fr\/index.php\/mentions-legales\/\"]}]},{\"@type\":\"BreadcrumbList\",\"@id\":\"https:\/\/panicfactory.fr\/index.php\/mentions-legales\/#breadcrumb\",\"itemListElement\":[{\"@type\":\"ListItem\",\"position\":1,\"name\":\"Accueil\",\"item\":\"https:\/\/panicfactory.fr\/\"},{\"@type\":\"ListItem\",\"position\":2,\"name\":\"Mentions l\u00e9gales\"}]},{\"@type\":\"WebSite\",\"@id\":\"https:\/\/panicfactory.fr\/#website\",\"url\":\"https:\/\/panicfactory.fr\/\",\"name\":\"Panic Factory\",\"description\":\"Oserez-vous affronter vos peurs?\",\"publisher\":{\"@id\":\"https:\/\/panicfactory.fr\/#organization\"},\"potentialAction\":[{\"@type\":\"SearchAction\",\"target\":{\"@type\":\"EntryPoint\",\"urlTemplate\":\"https:\/\/panicfactory.fr\/?s={search_term_string}\"},\"query-input\":\"required name=search_term_string\"}],\"inLanguage\":\"fr-FR\"},{\"@type\":\"Organization\",\"@id\":\"https:\/\/panicfactory.fr\/#organization\",\"name\":\"Panic Factory\",\"url\":\"https:\/\/panicfactory.fr\/\",\"logo\":{\"@type\":\"ImageObject\",\"inLanguage\":\"fr-FR\",\"@id\":\"https:\/\/panicfactory.fr\/#\/schema\/logo\/image\/\",\"url\":\"https:\/\/panicfactory.fr\/wp-content\/uploads\/2025\/04\/cropped-PFS4_logo_mini-h150-01.png\",\"contentUrl\":\"https:\/\/panicfactory.fr\/wp-content\/uploads\/2025\/04\/cropped-PFS4_logo_mini-h150-01.png\",\"width\":192,\"height\":150,\"caption\":\"Panic Factory\"},\"image\":{\"@id\":\"https:\/\/panicfactory.fr\/#\/schema\/logo\/image\/\"}}]}<\/script>\n<!-- \/ Yoast SEO plugin. -->","yoast_head_json":{"title":"Mentions l\u00e9gales - Panic Factory","robots":{"index":"index","follow":"follow","max-snippet":"max-snippet:-1","max-image-preview":"max-image-preview:large","max-video-preview":"max-video-preview:-1"},"canonical":"https:\/\/panicfactory.fr\/index.php\/mentions-legales\/","og_locale":"fr_FR","og_type":"article","og_title":"Mentions l\u00e9gales - Panic Factory","og_description":"Editeur: www.panicfactory.fr est la propri\u00e9t\u00e9 de l&rsquo;Association Folles ID Association r\u00e9gie par le droit local Si\u00e8ge social&nbsp;: &nbsp;3 All\u00e9e de l\u2019Economie \u2013 67370 WIWERSHEIM Tel&nbsp;: 07 73 26 25 98 \u2013 Mail&nbsp;: folles.id@gmail.com Directeur de la publication: Association Folles ID H\u00e9bergement OVH\u00a0Si\u00e8ge social : 2 rue Kellermann &#8211; 59100 Roubaix, France\u00a0T\u00e9l. +33 (0)8 99 70Lire la suite &rarr;","og_url":"https:\/\/panicfactory.fr\/index.php\/mentions-legales\/","og_site_name":"Panic Factory","twitter_card":"summary_large_image","twitter_misc":{"Dur\u00e9e de lecture estim\u00e9e":"1 minute"},"schema":{"@context":"https:\/\/schema.org","@graph":[{"@type":"WebPage","@id":"https:\/\/panicfactory.fr\/index.php\/mentions-legales\/","url":"https:\/\/panicfactory.fr\/index.php\/mentions-legales\/","name":"Mentions l\u00e9gales - Panic Factory","isPartOf":{"@id":"https:\/\/panicfactory.fr\/#website"},"datePublished":"2022-09-02T09:56:08+00:00","dateModified":"2022-09-02T09:56:08+00:00","breadcrumb":{"@id":"https:\/\/panicfactory.fr\/index.php\/mentions-legales\/#breadcrumb"},"inLanguage":"fr-FR","potentialAction":[{"@type":"ReadAction","target":["https:\/\/panicfactory.fr\/index.php\/mentions-legales\/"]}]},{"@type":"BreadcrumbList","@id":"https:\/\/panicfactory.fr\/index.php\/mentions-legales\/#breadcrumb","itemListElement":[{"@type":"ListItem","position":1,"name":"Accueil","item":"https:\/\/panicfactory.fr\/"},{"@type":"ListItem","position":2,"name":"Mentions l\u00e9gales"}]},{"@type":"WebSite","@id":"https:\/\/panicfactory.fr\/#website","url":"https:\/\/panicfactory.fr\/","name":"Panic Factory","description":"Oserez-vous affronter vos peurs?","publisher":{"@id":"https:\/\/panicfactory.fr\/#organization"},"potentialAction":[{"@type":"SearchAction","target":{"@type":"EntryPoint","urlTemplate":"https:\/\/panicfactory.fr\/?s={search_term_string}"},"query-input":"required name=search_term_string"}],"inLanguage":"fr-FR"},{"@type":"Organization","@id":"https:\/\/panicfactory.fr\/#organization","name":"Panic Factory","url":"https:\/\/panicfactory.fr\/","logo":{"@type":"ImageObject","inLanguage":"fr-FR","@id":"https:\/\/panicfactory.fr\/#\/schema\/logo\/image\/","url":"https:\/\/panicfactory.fr\/wp-content\/uploads\/2025\/04\/cropped-PFS4_logo_mini-h150-01.png","contentUrl":"https:\/\/panicfactory.fr\/wp-content\/uploads\/2025\/04\/cropped-PFS4_logo_mini-h150-01.png","width":192,"height":150,"caption":"Panic Factory"},"image":{"@id":"https:\/\/panicfactory.fr\/#\/schema\/logo\/image\/"}}]}},"_links":{"self":[{"href":"https:\/\/panicfactory.fr\/index.php\/wp-json\/wp\/v2\/pages\/568","targetHints":{"allow":["GET"]}}],"collection":[{"href":"https:\/\/panicfactory.fr\/index.php\/wp-json\/wp\/v2\/pages"}],"about":[{"href":"https:\/\/panicfactory.fr\/index.php\/wp-json\/wp\/v2\/types\/page"}],"author":[{"embeddable":true,"href":"https:\/\/panicfactory.fr\/index.php\/wp-json\/wp\/v2\/users\/1"}],"replies":[{"embeddable":true,"href":"https:\/\/panicfactory.fr\/index.php\/wp-json\/wp\/v2\/comments?post=568"}],"version-history":[{"count":1,"href":"https:\/\/panicfactory.fr\/index.php\/wp-json\/wp\/v2\/pages\/568\/revisions"}],"predecessor-version":[{"id":569,"href":"https:\/\/panicfactory.fr\/index.php\/wp-json\/wp\/v2\/pages\/568\/revisions\/569"}],"wp:attachment":[{"href":"https:\/\/panicfactory.fr\/index.php\/wp-json\/wp\/v2\/media?parent=568"}],"curies":[{"name":"wp","href":"https:\/\/api.w.org\/{rel}","templated":true}]}}