{"id":652,"date":"2022-09-12T10:27:21","date_gmt":"2022-09-12T08:27:21","guid":{"rendered":"https:\/\/panicfactory.fr\/?page_id=652"},"modified":"2023-06-09T08:54:09","modified_gmt":"2023-06-09T06:54:09","slug":"le-classement-des-equipes","status":"publish","type":"page","link":"https:\/\/panicfactory.fr\/index.php\/le-classement-des-equipes\/","title":{"rendered":"Classement \u00e9quipes 2022"},"content":{"rendered":"\n<p>Voici un petit aper\u00e7u du mode de classement des \u00e9quipes ! (pour le FUN<img loading=\"lazy\" decoding=\"async\" src=\"https:\/\/static.xx.fbcdn.net\/images\/emoji.php\/v9\/t20\/1\/16\/1f61c.png\" alt=\"\ud83d\ude1c\" width=\"16\" height=\"16\">)<\/p>\n\n\n\n<p>A la cl\u00e9: <img loading=\"lazy\" decoding=\"async\" alt=\"\ud83c\udfc6\" src=\"https:\/\/static.xx.fbcdn.net\/images\/emoji.php\/v9\/tbe\/1\/16\/1f3c6.png\" width=\"16\" height=\"16\">le titre de Champion de la Saison 1 de Panic Factory !<\/p>\n\n\n\n<p>et de petits lots surprise pour les \u00e9quipes gagantes<img loading=\"lazy\" decoding=\"async\" alt=\"\ud83e\udd47\" src=\"https:\/\/static.xx.fbcdn.net\/images\/emoji.php\/v9\/t94\/1\/16\/1f947.png\" width=\"16\" height=\"16\">de chaque soir\u00e9e! La remise des prix aura lieu au Viking Bar \u00e0 l&rsquo;occasion de la soir\u00e9e de cl\u00f4ture Panic Factory<img loading=\"lazy\" decoding=\"async\" alt=\"\ud83c\udf7e\" src=\"https:\/\/static.xx.fbcdn.net\/images\/emoji.php\/v9\/t19\/1\/16\/1f37e.png\" width=\"16\" height=\"16\"><img loading=\"lazy\" decoding=\"async\" alt=\"\ud83c\udf89\" src=\"https:\/\/static.xx.fbcdn.net\/images\/emoji.php\/v9\/t8c\/1\/16\/1f389.png\" width=\"16\" height=\"16\">pour la nuit d&rsquo;Halloween!!!<img loading=\"lazy\" decoding=\"async\" alt=\"\ud83d\udc7b\" src=\"https:\/\/static.xx.fbcdn.net\/images\/emoji.php\/v9\/td7\/1\/16\/1f47b.png\" width=\"16\" height=\"16\"><img loading=\"lazy\" decoding=\"async\" alt=\"\ud83c\udf83\" src=\"https:\/\/static.xx.fbcdn.net\/images\/emoji.php\/v9\/t86\/1\/16\/1f383.png\" width=\"16\" height=\"16\"><img loading=\"lazy\" decoding=\"async\" alt=\"\ud83d\ude31\" src=\"https:\/\/static.xx.fbcdn.net\/images\/emoji.php\/v9\/t2c\/1\/16\/1f631.png\" width=\"16\" height=\"16\"> le lundi 31 octobre (veille de jour f\u00e9ri\u00e9)<\/p>\n\n\n\n<p><img loading=\"lazy\" decoding=\"async\" src=\"https:\/\/static.xx.fbcdn.net\/images\/emoji.php\/v9\/t51\/1\/16\/1f449.png\" alt=\"\ud83d\udc49\" width=\"16\" height=\"16\">Le classement est bas\u00e9 sur le nombre de points<img loading=\"lazy\" decoding=\"async\" src=\"https:\/\/static.xx.fbcdn.net\/images\/emoji.php\/v9\/tfc\/1\/16\/1f7e2.png\" alt=\"\ud83d\udfe2\" width=\"16\" height=\"16\"><img loading=\"lazy\" decoding=\"async\" src=\"https:\/\/static.xx.fbcdn.net\/images\/emoji.php\/v9\/tef\/1\/16\/1f535.png\" alt=\"\ud83d\udd35\" width=\"16\" height=\"16\"><img loading=\"lazy\" decoding=\"async\" src=\"https:\/\/static.xx.fbcdn.net\/images\/emoji.php\/v9\/t6e\/1\/16\/1f534.png\" alt=\"\ud83d\udd34\" width=\"16\" height=\"16\"> que chaque \u00e9quipe aura r\u00e9ussi \u00e0 accumuler durant son parcours Panic Factory. (tirage au sors en cas d&rsquo;\u00e9galit\u00e9 de plusieurs \u00e9quipes)<\/p>\n\n\n\n<figure class=\"wp-block-image size-large\"><img loading=\"lazy\" decoding=\"async\" width=\"1024\" height=\"537\" src=\"https:\/\/panicfactory.fr\/wp-content\/uploads\/2022\/09\/PF_image_Classement_01-fb-1024x537.jpg\" alt=\"\" class=\"wp-image-653\" srcset=\"https:\/\/panicfactory.fr\/wp-content\/uploads\/2022\/09\/PF_image_Classement_01-fb-1024x537.jpg 1024w, https:\/\/panicfactory.fr\/wp-content\/uploads\/2022\/09\/PF_image_Classement_01-fb-300x157.jpg 300w, https:\/\/panicfactory.fr\/wp-content\/uploads\/2022\/09\/PF_image_Classement_01-fb-768x403.jpg 768w, https:\/\/panicfactory.fr\/wp-content\/uploads\/2022\/09\/PF_image_Classement_01-fb-1536x806.jpg 1536w, https:\/\/panicfactory.fr\/wp-content\/uploads\/2022\/09\/PF_image_Classement_01-fb-2048x1075.jpg 2048w, https:\/\/panicfactory.fr\/wp-content\/uploads\/2022\/09\/PF_image_Classement_01-fb-2000x1050.jpg 2000w\" sizes=\"auto, (max-width: 1024px) 100vw, 1024px\" \/><\/figure>\n\n\n\n<p><\/p>\n\n\n\n<div class=\"wp-block-columns is-layout-flex wp-container-core-columns-is-layout-9d6595d7 wp-block-columns-is-layout-flex\">\n<div class=\"wp-block-column is-layout-flow wp-block-column-is-layout-flow\">\n<p class=\"has-text-align-center\"><strong>Top5 &#8211; G\u00e9n\u00e9ral<\/strong><\/p>\n\n\n\n<figure class=\"wp-block-table alignwide has-small-font-size\"><table class=\"has-white-color has-text-color has-background\" style=\"background:linear-gradient(180deg,rgb(0,117,121) 0%,rgb(5,5,5) 66%)\"><tbody><tr><td class=\"has-text-align-center\" data-align=\"center\">1<\/td><td class=\"has-text-align-center\" data-align=\"center\"><strong>LES FRITES &#8211; CHAMPIONS S1 !!!!<\/strong><\/td><td><strong>335 Points<\/strong><\/td><\/tr><tr><td class=\"has-text-align-center\" data-align=\"center\">2<\/td><td class=\"has-text-align-center\" data-align=\"center\"><strong>Les Kneckes<\/strong><\/td><td>310 points<\/td><\/tr><tr><td class=\"has-text-align-center\" data-align=\"center\">3<\/td><td class=\"has-text-align-center\" data-align=\"center\"><strong>Les Nulos<\/strong><\/td><td>295 points<\/td><\/tr><tr><td class=\"has-text-align-center\" data-align=\"center\">4<\/td><td class=\"has-text-align-center\" data-align=\"center\"><strong>DeVinci &amp; Jordi<\/strong><\/td><td>290 points<\/td><\/tr><tr><td class=\"has-text-align-center\" data-align=\"center\">5<\/td><td class=\"has-text-align-center\" data-align=\"center\"><strong>Family Team<\/strong><\/td><td>285 points<\/td><\/tr><\/tbody><\/table><\/figure>\n<\/div>\n<\/div>\n\n\n\n<div class=\"wp-block-columns is-layout-flex wp-container-core-columns-is-layout-9d6595d7 wp-block-columns-is-layout-flex\">\n<div class=\"wp-block-column is-layout-flow wp-block-column-is-layout-flow\">\n<p class=\"has-text-align-center\"><strong>Top5 &#8211; Vendredi 28 octobre<\/strong><\/p>\n\n\n\n<figure class=\"wp-block-table alignwide is-style-regular\" style=\"font-size:12px\"><table class=\"has-white-color has-text-color has-background\" style=\"background:linear-gradient(180deg,rgb(0,117,121) 0%,rgb(5,5,5) 66%)\"><tbody><tr><td class=\"has-text-align-center\" data-align=\"center\">1<\/td><td class=\"has-text-align-center\" data-align=\"center\"><strong>Les Nulos<\/strong><\/td><td><strong>295 points<\/strong><\/td><\/tr><tr><td class=\"has-text-align-center\" data-align=\"center\">2<\/td><td class=\"has-text-align-center\" data-align=\"center\"><strong>Les FACC<\/strong><\/td><td>250 points<\/td><\/tr><tr><td class=\"has-text-align-center\" data-align=\"center\">3<\/td><td class=\"has-text-align-center\" data-align=\"center\"><strong>Les \u00e9chapp\u00e9s de l&rsquo;asile<\/strong> <strong>&#8211; Caro<\/strong><\/td><td>240 points<\/td><\/tr><tr><td class=\"has-text-align-center\" data-align=\"center\">4<\/td><td class=\"has-text-align-center\" data-align=\"center\"><strong>Zombie III &#8211; FIFI &#8211; LOULOU <\/strong><\/td><td>235 points<\/td><\/tr><tr><td class=\"has-text-align-center\" data-align=\"center\">3<\/td><td class=\"has-text-align-center\" data-align=\"center\"><strong>Les Dragons &#8211; GRAAS &#8211; Les Clodos du Kochersberg<\/strong><\/td><td>230 points<\/td><\/tr><\/tbody><\/table><\/figure>\n<\/div>\n<\/div>\n\n\n\n<div class=\"wp-block-columns is-layout-flex wp-container-core-columns-is-layout-9d6595d7 wp-block-columns-is-layout-flex\">\n<div class=\"wp-block-column is-layout-flow wp-block-column-is-layout-flow\">\n<p class=\"has-text-align-center\"><strong>Top5 &#8211; Samedi 29 octobre<\/strong><\/p>\n\n\n\n<figure class=\"wp-block-table alignwide is-style-regular\" style=\"font-size:12px\"><table class=\"has-white-color has-text-color has-background\" style=\"background:linear-gradient(180deg,rgb(0,117,121) 0%,rgb(5,5,5) 66%)\"><tbody><tr><td class=\"has-text-align-center\" data-align=\"center\">1<\/td><td class=\"has-text-align-center\" data-align=\"center\"><strong>Les Recycl\u00e9es<\/strong><\/td><td><strong>275 points<\/strong><\/td><\/tr><tr><td class=\"has-text-align-center\" data-align=\"center\">2AE<\/td><td class=\"has-text-align-center\" data-align=\"center\"><strong>Les Smith &#8211; Obscur Team<\/strong><\/td><td>245 points<\/td><\/tr><tr><td class=\"has-text-align-center\" data-align=\"center\">3<\/td><td class=\"has-text-align-center\" data-align=\"center\"><strong>Les Loosers<\/strong><\/td><td>235 points<\/td><\/tr><tr><td class=\"has-text-align-center\" data-align=\"center\">4<\/td><td class=\"has-text-align-center\" data-align=\"center\"><strong>Les bras cass\u00e9s &#8211; Cuisinella Marmoutier <\/strong><\/td><td>215 points<\/td><\/tr><tr><td class=\"has-text-align-center\" data-align=\"center\">3<\/td><td class=\"has-text-align-center\" data-align=\"center\"><strong>Teamseuie<\/strong><\/td><td>200 points<\/td><\/tr><\/tbody><\/table><\/figure>\n<\/div>\n<\/div>\n\n\n\n<div class=\"wp-block-columns is-layout-flex wp-container-core-columns-is-layout-9d6595d7 wp-block-columns-is-layout-flex\">\n<div class=\"wp-block-column is-layout-flow wp-block-column-is-layout-flow\">\n<p class=\"has-text-align-center\"><strong>Top5 &#8211; Dimanche 30 octobre<\/strong><\/p>\n\n\n\n<figure class=\"wp-block-table alignwide is-style-regular\" style=\"font-size:12px\"><table class=\"has-white-color has-text-color has-background\" style=\"background:linear-gradient(180deg,rgb(0,117,121) 0%,rgb(5,5,5) 66%)\"><tbody><tr><td class=\"has-text-align-center\" data-align=\"center\">1<\/td><td class=\"has-text-align-center\" data-align=\"center\"><strong>Les Frites<\/strong><\/td><td><strong>335 points<\/strong><\/td><\/tr><tr><td class=\"has-text-align-center\" data-align=\"center\">2AE<\/td><td class=\"has-text-align-center\" data-align=\"center\"><strong>Family Team<\/strong><\/td><td>285 points<\/td><\/tr><tr><td class=\"has-text-align-center\" data-align=\"center\">3<\/td><td class=\"has-text-align-center\" data-align=\"center\"><strong>Les Strasseurs<\/strong><\/td><td>275 points<\/td><\/tr><tr><td class=\"has-text-align-center\" data-align=\"center\">4<\/td><td class=\"has-text-align-center\" data-align=\"center\"><strong>Quentin Team<\/strong><\/td><td>260 points<\/td><\/tr><tr><td class=\"has-text-align-center\" data-align=\"center\">3<\/td><td class=\"has-text-align-center\" data-align=\"center\"><strong>Momyma<\/strong><\/td><td>255 points<\/td><\/tr><\/tbody><\/table><\/figure>\n<\/div>\n<\/div>\n\n\n\n<div class=\"wp-block-columns is-layout-flex wp-container-core-columns-is-layout-9d6595d7 wp-block-columns-is-layout-flex\">\n<div class=\"wp-block-column is-layout-flow wp-block-column-is-layout-flow\">\n<p class=\"has-text-align-center\"><strong>Top5 &#8211; Vendredi 21 octobre<\/strong><\/p>\n\n\n\n<figure class=\"wp-block-table alignwide is-style-regular\" style=\"font-size:12px\"><table class=\"has-white-color has-text-color has-background\" style=\"background:linear-gradient(180deg,rgb(0,117,121) 0%,rgb(5,5,5) 66%)\"><tbody><tr><td class=\"has-text-align-center\" data-align=\"center\">1<\/td><td class=\"has-text-align-center\" data-align=\"center\"><strong>M\u00eame pas peur<\/strong><\/td><td><strong>220 points<\/strong><\/td><\/tr><tr><td class=\"has-text-align-center\" data-align=\"center\">2<\/td><td class=\"has-text-align-center\" data-align=\"center\"><strong>Non on a pas peu<\/strong><\/td><td>200 points<\/td><\/tr><tr><td class=\"has-text-align-center\" data-align=\"center\">2<\/td><td class=\"has-text-align-center\" data-align=\"center\"><strong>Thepaulteam<\/strong><\/td><td>200 points<\/td><\/tr><tr><td class=\"has-text-align-center\" data-align=\"center\">3<\/td><td class=\"has-text-align-center\" data-align=\"center\">Zombie<\/td><td>195 points<\/td><\/tr><tr><td class=\"has-text-align-center\" data-align=\"center\">4<\/td><td class=\"has-text-align-center\" data-align=\"center\">Les excit\u00e9s de la cacahu\u00e8te<\/td><td>185 points<\/td><\/tr><\/tbody><\/table><\/figure>\n<\/div>\n<\/div>\n\n\n\n<div class=\"wp-block-columns is-layout-flex wp-container-core-columns-is-layout-9d6595d7 wp-block-columns-is-layout-flex\">\n<div class=\"wp-block-column is-layout-flow wp-block-column-is-layout-flow\">\n<p class=\"has-text-align-center\"><strong>Top5 &#8211; Samedi 22 octobre<\/strong><\/p>\n\n\n\n<figure class=\"wp-block-table has-small-font-size\"><table class=\"has-white-color has-text-color has-background\" style=\"background:linear-gradient(180deg,rgb(0,117,121) 0%,rgb(5,5,5) 66%)\"><tbody><tr><td class=\"has-text-align-center\" data-align=\"center\">1<\/td><td class=\"has-text-align-center\" data-align=\"center\"><strong>DeVinci &amp; Jordi<\/strong><\/td><td><strong>290 points<\/strong><\/td><\/tr><tr><td class=\"has-text-align-center\" data-align=\"center\">2<\/td><td class=\"has-text-align-center\" data-align=\"center\">Marine Valentine<\/td><td>270 points<\/td><\/tr><tr><td class=\"has-text-align-center\" data-align=\"center\">3<\/td><td class=\"has-text-align-center\" data-align=\"center\">La Space Team<\/td><td>260 points<\/td><\/tr><tr><td class=\"has-text-align-center\" data-align=\"center\">4<\/td><td class=\"has-text-align-center\" data-align=\"center\">Lehmann<\/td><td>230 points<\/td><\/tr><tr><td class=\"has-text-align-center\" data-align=\"center\">5<\/td><td class=\"has-text-align-center\" data-align=\"center\">La Drink Team<\/td><td>235 points<\/td><\/tr><\/tbody><\/table><\/figure>\n<\/div>\n<\/div>\n\n\n\n<div class=\"wp-block-columns is-layout-flex wp-container-core-columns-is-layout-9d6595d7 wp-block-columns-is-layout-flex\">\n<div class=\"wp-block-column is-layout-flow wp-block-column-is-layout-flow\">\n<p class=\"has-text-align-center\"><strong>Top5 &#8211; Dimanche 23 octobre<\/strong><\/p>\n\n\n\n<figure class=\"wp-block-table alignwide has-small-font-size\"><table class=\"has-white-color has-text-color has-background\" style=\"background:linear-gradient(180deg,rgb(0,117,121) 0%,rgb(5,5,5) 66%)\"><tbody><tr><td class=\"has-text-align-center\" data-align=\"center\">1<\/td><td class=\"has-text-align-center\" data-align=\"center\"><strong>Les Kneckes<\/strong><\/td><td><strong>310 points<\/strong><\/td><\/tr><tr><td class=\"has-text-align-center\" data-align=\"center\">2<\/td><td class=\"has-text-align-center\" data-align=\"center\">Montard<\/td><td>280 points<\/td><\/tr><tr><td class=\"has-text-align-center\" data-align=\"center\">3<\/td><td class=\"has-text-align-center\" data-align=\"center\">Martial<\/td><td>265 points<\/td><\/tr><tr><td class=\"has-text-align-center\" data-align=\"center\">4<\/td><td class=\"has-text-align-center\" data-align=\"center\">Paratruch<\/td><td>235 points<\/td><\/tr><tr><td class=\"has-text-align-center\" data-align=\"center\">5<\/td><td class=\"has-text-align-center\" data-align=\"center\">Chiocchetta<\/td><td>230 points<\/td><\/tr><\/tbody><\/table><\/figure>\n<\/div>\n<\/div>\n","protected":false},"excerpt":{"rendered":"<p>Voici un petit aper\u00e7u du mode de classement des \u00e9quipes ! (pour le FUN) A la cl\u00e9: le titre de Champion de la Saison 1 de Panic Factory ! et de petits lots surprise pour les \u00e9quipes gagantesde chaque soir\u00e9e! La remise des prix aura lieu au Viking Bar \u00e0 l&rsquo;occasion de la soir\u00e9e deLire la suite &rarr;<\/p>\n","protected":false},"author":1,"featured_media":0,"parent":0,"menu_order":0,"comment_status":"closed","ping_status":"closed","template":"","meta":{"footnotes":""},"class_list":["post-652","page","type-page","status-publish","hentry","no-thumb"],"yoast_head":"<!-- This site is optimized with the Yoast SEO plugin v21.0 - https:\/\/yoast.com\/wordpress\/plugins\/seo\/ -->\n<title>Classement \u00e9quipes 2022 - Panic Factory<\/title>\n<meta name=\"robots\" content=\"index, follow, max-snippet:-1, max-image-preview:large, max-video-preview:-1\" \/>\n<link rel=\"canonical\" href=\"https:\/\/panicfactory.fr\/index.php\/le-classement-des-equipes\/\" \/>\n<meta property=\"og:locale\" content=\"fr_FR\" \/>\n<meta property=\"og:type\" content=\"article\" \/>\n<meta property=\"og:title\" content=\"Classement \u00e9quipes 2022 - Panic Factory\" \/>\n<meta property=\"og:description\" content=\"Voici un petit aper\u00e7u du mode de classement des \u00e9quipes ! (pour le FUN) A la cl\u00e9: le titre de Champion de la Saison 1 de Panic Factory ! et de petits lots surprise pour les \u00e9quipes gagantesde chaque soir\u00e9e! La remise des prix aura lieu au Viking Bar \u00e0 l&rsquo;occasion de la soir\u00e9e deLire la suite &rarr;\" \/>\n<meta property=\"og:url\" content=\"https:\/\/panicfactory.fr\/index.php\/le-classement-des-equipes\/\" \/>\n<meta property=\"og:site_name\" content=\"Panic Factory\" \/>\n<meta property=\"article:modified_time\" content=\"2023-06-09T06:54:09+00:00\" \/>\n<meta property=\"og:image\" content=\"https:\/\/static.xx.fbcdn.net\/images\/emoji.php\/v9\/t20\/1\/16\/1f61c.png\" \/>\n<meta name=\"twitter:card\" content=\"summary_large_image\" \/>\n<meta name=\"twitter:label1\" content=\"Dur\u00e9e de lecture estim\u00e9e\" \/>\n\t<meta name=\"twitter:data1\" content=\"5 minutes\" \/>\n<script type=\"application\/ld+json\" class=\"yoast-schema-graph\">{\"@context\":\"https:\/\/schema.org\",\"@graph\":[{\"@type\":\"WebPage\",\"@id\":\"https:\/\/panicfactory.fr\/index.php\/le-classement-des-equipes\/\",\"url\":\"https:\/\/panicfactory.fr\/index.php\/le-classement-des-equipes\/\",\"name\":\"Classement \u00e9quipes 2022 - Panic Factory\",\"isPartOf\":{\"@id\":\"https:\/\/panicfactory.fr\/#website\"},\"datePublished\":\"2022-09-12T08:27:21+00:00\",\"dateModified\":\"2023-06-09T06:54:09+00:00\",\"breadcrumb\":{\"@id\":\"https:\/\/panicfactory.fr\/index.php\/le-classement-des-equipes\/#breadcrumb\"},\"inLanguage\":\"fr-FR\",\"potentialAction\":[{\"@type\":\"ReadAction\",\"target\":[\"https:\/\/panicfactory.fr\/index.php\/le-classement-des-equipes\/\"]}]},{\"@type\":\"BreadcrumbList\",\"@id\":\"https:\/\/panicfactory.fr\/index.php\/le-classement-des-equipes\/#breadcrumb\",\"itemListElement\":[{\"@type\":\"ListItem\",\"position\":1,\"name\":\"Accueil\",\"item\":\"https:\/\/panicfactory.fr\/\"},{\"@type\":\"ListItem\",\"position\":2,\"name\":\"Classement \u00e9quipes 2022\"}]},{\"@type\":\"WebSite\",\"@id\":\"https:\/\/panicfactory.fr\/#website\",\"url\":\"https:\/\/panicfactory.fr\/\",\"name\":\"Panic Factory\",\"description\":\"Oserez-vous affronter vos peurs?\",\"publisher\":{\"@id\":\"https:\/\/panicfactory.fr\/#organization\"},\"potentialAction\":[{\"@type\":\"SearchAction\",\"target\":{\"@type\":\"EntryPoint\",\"urlTemplate\":\"https:\/\/panicfactory.fr\/?s={search_term_string}\"},\"query-input\":\"required name=search_term_string\"}],\"inLanguage\":\"fr-FR\"},{\"@type\":\"Organization\",\"@id\":\"https:\/\/panicfactory.fr\/#organization\",\"name\":\"Panic Factory\",\"url\":\"https:\/\/panicfactory.fr\/\",\"logo\":{\"@type\":\"ImageObject\",\"inLanguage\":\"fr-FR\",\"@id\":\"https:\/\/panicfactory.fr\/#\/schema\/logo\/image\/\",\"url\":\"https:\/\/panicfactory.fr\/wp-content\/uploads\/2025\/04\/cropped-PFS4_logo_mini-h150-01.png\",\"contentUrl\":\"https:\/\/panicfactory.fr\/wp-content\/uploads\/2025\/04\/cropped-PFS4_logo_mini-h150-01.png\",\"width\":192,\"height\":150,\"caption\":\"Panic Factory\"},\"image\":{\"@id\":\"https:\/\/panicfactory.fr\/#\/schema\/logo\/image\/\"}}]}<\/script>\n<!-- \/ Yoast SEO plugin. -->","yoast_head_json":{"title":"Classement \u00e9quipes 2022 - Panic Factory","robots":{"index":"index","follow":"follow","max-snippet":"max-snippet:-1","max-image-preview":"max-image-preview:large","max-video-preview":"max-video-preview:-1"},"canonical":"https:\/\/panicfactory.fr\/index.php\/le-classement-des-equipes\/","og_locale":"fr_FR","og_type":"article","og_title":"Classement \u00e9quipes 2022 - Panic Factory","og_description":"Voici un petit aper\u00e7u du mode de classement des \u00e9quipes ! (pour le FUN) A la cl\u00e9: le titre de Champion de la Saison 1 de Panic Factory ! et de petits lots surprise pour les \u00e9quipes gagantesde chaque soir\u00e9e! La remise des prix aura lieu au Viking Bar \u00e0 l&rsquo;occasion de la soir\u00e9e deLire la suite &rarr;","og_url":"https:\/\/panicfactory.fr\/index.php\/le-classement-des-equipes\/","og_site_name":"Panic Factory","article_modified_time":"2023-06-09T06:54:09+00:00","og_image":[{"url":"https:\/\/static.xx.fbcdn.net\/images\/emoji.php\/v9\/t20\/1\/16\/1f61c.png"}],"twitter_card":"summary_large_image","twitter_misc":{"Dur\u00e9e de lecture estim\u00e9e":"5 minutes"},"schema":{"@context":"https:\/\/schema.org","@graph":[{"@type":"WebPage","@id":"https:\/\/panicfactory.fr\/index.php\/le-classement-des-equipes\/","url":"https:\/\/panicfactory.fr\/index.php\/le-classement-des-equipes\/","name":"Classement \u00e9quipes 2022 - Panic Factory","isPartOf":{"@id":"https:\/\/panicfactory.fr\/#website"},"datePublished":"2022-09-12T08:27:21+00:00","dateModified":"2023-06-09T06:54:09+00:00","breadcrumb":{"@id":"https:\/\/panicfactory.fr\/index.php\/le-classement-des-equipes\/#breadcrumb"},"inLanguage":"fr-FR","potentialAction":[{"@type":"ReadAction","target":["https:\/\/panicfactory.fr\/index.php\/le-classement-des-equipes\/"]}]},{"@type":"BreadcrumbList","@id":"https:\/\/panicfactory.fr\/index.php\/le-classement-des-equipes\/#breadcrumb","itemListElement":[{"@type":"ListItem","position":1,"name":"Accueil","item":"https:\/\/panicfactory.fr\/"},{"@type":"ListItem","position":2,"name":"Classement \u00e9quipes 2022"}]},{"@type":"WebSite","@id":"https:\/\/panicfactory.fr\/#website","url":"https:\/\/panicfactory.fr\/","name":"Panic Factory","description":"Oserez-vous affronter vos peurs?","publisher":{"@id":"https:\/\/panicfactory.fr\/#organization"},"potentialAction":[{"@type":"SearchAction","target":{"@type":"EntryPoint","urlTemplate":"https:\/\/panicfactory.fr\/?s={search_term_string}"},"query-input":"required name=search_term_string"}],"inLanguage":"fr-FR"},{"@type":"Organization","@id":"https:\/\/panicfactory.fr\/#organization","name":"Panic Factory","url":"https:\/\/panicfactory.fr\/","logo":{"@type":"ImageObject","inLanguage":"fr-FR","@id":"https:\/\/panicfactory.fr\/#\/schema\/logo\/image\/","url":"https:\/\/panicfactory.fr\/wp-content\/uploads\/2025\/04\/cropped-PFS4_logo_mini-h150-01.png","contentUrl":"https:\/\/panicfactory.fr\/wp-content\/uploads\/2025\/04\/cropped-PFS4_logo_mini-h150-01.png","width":192,"height":150,"caption":"Panic Factory"},"image":{"@id":"https:\/\/panicfactory.fr\/#\/schema\/logo\/image\/"}}]}},"_links":{"self":[{"href":"https:\/\/panicfactory.fr\/index.php\/wp-json\/wp\/v2\/pages\/652","targetHints":{"allow":["GET"]}}],"collection":[{"href":"https:\/\/panicfactory.fr\/index.php\/wp-json\/wp\/v2\/pages"}],"about":[{"href":"https:\/\/panicfactory.fr\/index.php\/wp-json\/wp\/v2\/types\/page"}],"author":[{"embeddable":true,"href":"https:\/\/panicfactory.fr\/index.php\/wp-json\/wp\/v2\/users\/1"}],"replies":[{"embeddable":true,"href":"https:\/\/panicfactory.fr\/index.php\/wp-json\/wp\/v2\/comments?post=652"}],"version-history":[{"count":29,"href":"https:\/\/panicfactory.fr\/index.php\/wp-json\/wp\/v2\/pages\/652\/revisions"}],"predecessor-version":[{"id":902,"href":"https:\/\/panicfactory.fr\/index.php\/wp-json\/wp\/v2\/pages\/652\/revisions\/902"}],"wp:attachment":[{"href":"https:\/\/panicfactory.fr\/index.php\/wp-json\/wp\/v2\/media?parent=652"}],"curies":[{"name":"wp","href":"https:\/\/api.w.org\/{rel}","templated":true}]}}